{"id":3121,"date":"2022-02-09T10:58:04","date_gmt":"2022-02-09T08:58:04","guid":{"rendered":"https:\/\/caravel.gr\/profilo\/"},"modified":"2023-03-10T17:23:28","modified_gmt":"2023-03-10T15:23:28","slug":"profilo","status":"publish","type":"page","link":"https:\/\/greececars.gr\/it\/profilo\/","title":{"rendered":"Profilo"},"content":{"rendered":"\t\t<div data-elementor-type=\"wp-page\" data-elementor-id=\"3121\" class=\"elementor elementor-3121 elementor-197\" data-elementor-post-type=\"page\">\n\t\t\t\t\t\t<section class=\"elementor-section elementor-top-section elementor-element elementor-element-4a0e6ba elementor-section-content-middle elementor-section-stretched elementor-section-boxed elementor-section-height-default elementor-section-height-default\" data-id=\"4a0e6ba\" data-element_type=\"section\" data-settings=\"{&quot;stretch_section&quot;:&quot;section-stretched&quot;}\">\n\t\t\t\t\t\t<div class=\"elementor-container elementor-column-gap-default\">\n\t\t\t\t\t<div class=\"elementor-column elementor-col-100 elementor-top-column elementor-element elementor-element-8a44527\" data-id=\"8a44527\" data-element_type=\"column\">\n\t\t\t<div class=\"elementor-widget-wrap elementor-element-populated\">\n\t\t\t\t\t\t<div class=\"elementor-element elementor-element-1361ca69 premium-header-block premium-lq__none premium-box-lq__none elementor-widget elementor-widget-premium-addon-dual-header\" data-id=\"1361ca69\" data-element_type=\"widget\" data-settings=\"{&quot;_animation_tablet&quot;:&quot;none&quot;,&quot;_animation_mobile&quot;:&quot;none&quot;}\" data-widget_type=\"premium-addon-dual-header.default\">\n\t\t\t\t<div class=\"elementor-widget-container\">\n\t\t\t\t\t\n\t\t\t\t\t<h2 class=\"premium-dual-header-first-header \"><span class=\"premium-dual-header-first-span\">dal 1979 <\/span><span class=\"premium-dual-header-second-header \">Chi siamo<\/span><\/h2> \t\t\n\t\t\t\t\t\t<\/div>\n\t\t\t\t<\/div>\n\t\t\t\t<div class=\"elementor-element elementor-element-4935e4d6 elementor-widget-divider--view-line elementor-widget elementor-widget-divider\" data-id=\"4935e4d6\" data-element_type=\"widget\" data-settings=\"{&quot;_animation_tablet&quot;:&quot;none&quot;,&quot;_animation_mobile&quot;:&quot;none&quot;}\" data-widget_type=\"divider.default\">\n\t\t\t\t<div class=\"elementor-widget-container\">\n\t\t\t\t\t\t\t<div class=\"elementor-divider\">\n\t\t\t<span class=\"elementor-divider-separator\">\n\t\t\t\t\t\t<\/span>\n\t\t<\/div>\n\t\t\t\t\t\t<\/div>\n\t\t\t\t<\/div>\n\t\t\t\t<div class=\"elementor-element elementor-element-688302a elementor-widget elementor-widget-text-editor\" data-id=\"688302a\" data-element_type=\"widget\" data-settings=\"{&quot;_animation_tablet&quot;:&quot;none&quot;,&quot;_animation_mobile&quot;:&quot;none&quot;}\" data-widget_type=\"text-editor.default\">\n\t\t\t\t<div class=\"elementor-widget-container\">\n\t\t\t\t\t\t\t\t\t<p>Noleggiare un&#8217;auto a Creta non \u00e8 mai stato cos\u00ec facile! A Greece Cars, siamo orgogliosi della nostra flotta e della variet\u00e0 e qualit\u00e0 dei veicoli che offriamo ai nostri clienti. Per noi il noleggio auto \u00e8 pi\u00f9 di un business, quindi qui puoi noleggiare un&#8217;auto senza carta di credito.<\/p><p>La nostra flotta degli ultimi modelli offre noleggio auto a buon mercato ed \u00e8 a tua disposizione sia per affari che per piacere. Con Greece Cars, i clienti non hanno solo un&#8217;auto, hanno 40 anni di esperienza al loro fianco. E tutto questo ai migliori prezzi nei servizi di autonoleggio.<\/p><p>Con filiali in tutta Creta presso l&#8217;aeroporto di Heraklion, l&#8217;aeroporto di Chania, il porto di Heraklion, il porto di Chania, la citt\u00e0 di Heraklion, la citt\u00e0 di Chania, Stalis, Hersonisos e Rethimno, il nostro personale capace e dedicato offre un servizio di noleggio auto a Creta personale e professionale 24 ore su 24. I nostri uffici sono aperti dalle 06:00 alle 23:00. Consegniamo e ritiriamo auto in qualsiasi momento all&#8217;aeroporto di Heraklion, all&#8217;aeroporto di Chania, al porto di Heraklion, al porto di Chania e in tutti gli hotel intorno a Creta.<\/p>\t\t\t\t\t\t\t\t<\/div>\n\t\t\t\t<\/div>\n\t\t\t\t\t<\/div>\n\t\t<\/div>\n\t\t\t\t\t<\/div>\n\t\t<\/section>\n\t\t\t\t<section class=\"elementor-section elementor-top-section elementor-element elementor-element-1bebc5f9 elementor-section-full_width elementor-section-content-middle elementor-section-height-default elementor-section-height-default\" data-id=\"1bebc5f9\" data-element_type=\"section\" data-settings=\"{&quot;background_background&quot;:&quot;classic&quot;}\">\n\t\t\t\t\t\t<div class=\"elementor-container elementor-column-gap-no\">\n\t\t\t\t\t<div class=\"elementor-column elementor-col-100 elementor-top-column elementor-element elementor-element-4b47578b\" data-id=\"4b47578b\" data-element_type=\"column\">\n\t\t\t<div class=\"elementor-widget-wrap elementor-element-populated\">\n\t\t\t\t\t\t<section class=\"elementor-section elementor-inner-section elementor-element elementor-element-7db09de1 elementor-section-content-top elementor-section-boxed elementor-section-height-default elementor-section-height-default\" data-id=\"7db09de1\" data-element_type=\"section\">\n\t\t\t\t\t\t<div class=\"elementor-container elementor-column-gap-default\">\n\t\t\t\t\t<div class=\"elementor-column elementor-col-100 elementor-inner-column elementor-element elementor-element-7a697260\" data-id=\"7a697260\" data-element_type=\"column\">\n\t\t\t<div class=\"elementor-widget-wrap elementor-element-populated\">\n\t\t\t\t\t\t<div class=\"elementor-element elementor-element-342e4720 premium-header-block premium-lq__none premium-box-lq__none elementor-widget elementor-widget-premium-addon-dual-header\" data-id=\"342e4720\" data-element_type=\"widget\" data-widget_type=\"premium-addon-dual-header.default\">\n\t\t\t\t<div class=\"elementor-widget-container\">\n\t\t\t\t\t\n\t\t\t\t\t<h2 class=\"premium-dual-header-first-header  gradient\"><span class=\"premium-dual-header-first-span\">Noleggio auto a Creta <\/span><span class=\"premium-dual-header-second-header \">\u00c8 nato un sogno<\/span><\/h2> \t\t\n\t\t\t\t\t\t<\/div>\n\t\t\t\t<\/div>\n\t\t\t\t<div class=\"elementor-element elementor-element-40cd2e67 elementor-widget elementor-widget-text-editor\" data-id=\"40cd2e67\" data-element_type=\"widget\" data-widget_type=\"text-editor.default\">\n\t\t\t\t<div class=\"elementor-widget-container\">\n\t\t\t\t\t\t\t\t\t<p>Hire Cars Crete \u00e8 stata fondata nel 1979 come impresa privata. Dopo molti anni di costante sviluppo al rialzo abbiamo deciso di trasformarla in una societ\u00e0 per azioni. Questa decisione \u00e8 stata presa dopo i rapidi progressi dell&#8217;azienda per quanto riguarda non solo le auto e gli uffici ma anche il personale, il fatturato ecc. Quindi avevamo tutto ci\u00f2 che era necessario &#8211; infrastrutture e capitale &#8211; per trasformare la nostra azienda finanziariamente sana in una societ\u00e0 per azioni.<\/p>\t\t\t\t\t\t\t\t<\/div>\n\t\t\t\t<\/div>\n\t\t\t\t<div class=\"elementor-element elementor-element-480eea6 premium-header-block premium-lq__none premium-box-lq__none elementor-widget elementor-widget-premium-addon-dual-header\" data-id=\"480eea6\" data-element_type=\"widget\" data-widget_type=\"premium-addon-dual-header.default\">\n\t\t\t\t<div class=\"elementor-widget-container\">\n\t\t\t\t\t\n\t\t\t\t\t<h2 class=\"premium-dual-header-first-header  gradient\"><span class=\"premium-dual-header-first-span\">STATUS PROFESSIONALE E PIANI PER IL FUTURO <\/span><span class=\"premium-dual-header-second-header \">I nostri servizi sono di altissimo livello<\/span><\/h2> \t\t\n\t\t\t\t\t\t<\/div>\n\t\t\t\t<\/div>\n\t\t\t\t<div class=\"elementor-element elementor-element-dac9201 elementor-widget elementor-widget-text-editor\" data-id=\"dac9201\" data-element_type=\"widget\" data-widget_type=\"text-editor.default\">\n\t\t\t\t<div class=\"elementor-widget-container\">\n\t\t\t\t\t\t\t\t\t<p>Hire Cars Crete offre servizi globali nel settore dell&#8217;autonoleggio. I nostri servizi sono di altissimo livello. La nostra affidabilit\u00e0 e, ultimo ma non meno importante, i nostri prezzi molto competitivi sono per noi caratteristiche. Molto presto entriamo nel campo del turismo incoming con servizi di pick up e transfer, escursioni, biglietteria (aerei, bus, ecc.), prenotazione alberghiera, ecc. Sarebbe un onore per noi intraprendere la rappresentanza della vostra azienda a Creta per i clienti in arrivo.<\/p>\t\t\t\t\t\t\t\t<\/div>\n\t\t\t\t<\/div>\n\t\t\t\t\t<\/div>\n\t\t<\/div>\n\t\t\t\t\t<\/div>\n\t\t<\/section>\n\t\t\t\t\t<\/div>\n\t\t<\/div>\n\t\t\t\t\t<\/div>\n\t\t<\/section>\n\t\t\t\t<section class=\"elementor-section elementor-top-section elementor-element elementor-element-4e77c88 elementor-section-full_width elementor-section-content-middle elementor-section-height-default elementor-section-height-default\" data-id=\"4e77c88\" data-element_type=\"section\" data-settings=\"{&quot;background_background&quot;:&quot;classic&quot;}\">\n\t\t\t\t\t\t<div class=\"elementor-container elementor-column-gap-no\">\n\t\t\t\t\t<div class=\"elementor-column elementor-col-100 elementor-top-column elementor-element elementor-element-dac69dd\" data-id=\"dac69dd\" data-element_type=\"column\">\n\t\t\t<div class=\"elementor-widget-wrap elementor-element-populated\">\n\t\t\t\t\t\t<section class=\"elementor-section elementor-inner-section elementor-element elementor-element-d2e375c elementor-section-content-top elementor-section-boxed elementor-section-height-default elementor-section-height-default\" data-id=\"d2e375c\" data-element_type=\"section\">\n\t\t\t\t\t\t<div class=\"elementor-container elementor-column-gap-default\">\n\t\t\t\t\t<div class=\"elementor-column elementor-col-100 elementor-inner-column elementor-element elementor-element-f3ee954\" data-id=\"f3ee954\" data-element_type=\"column\">\n\t\t\t<div class=\"elementor-widget-wrap elementor-element-populated\">\n\t\t\t\t\t\t<div class=\"elementor-element elementor-element-1af84f8 premium-header-block premium-lq__none premium-box-lq__none elementor-widget elementor-widget-premium-addon-dual-header\" data-id=\"1af84f8\" data-element_type=\"widget\" data-widget_type=\"premium-addon-dual-header.default\">\n\t\t\t\t<div class=\"elementor-widget-container\">\n\t\t\t\t\t\n\t\t\t\t\t<h2 class=\"premium-dual-header-first-header  gradient\"><span class=\"premium-dual-header-first-span\">Macchine <\/span><span class=\"premium-dual-header-second-header \">+400 auto<\/span><\/h2> \t\t\n\t\t\t\t\t\t<\/div>\n\t\t\t\t<\/div>\n\t\t\t\t<div class=\"elementor-element elementor-element-d34f0cf elementor-widget elementor-widget-text-editor\" data-id=\"d34f0cf\" data-element_type=\"widget\" data-widget_type=\"text-editor.default\">\n\t\t\t\t<div class=\"elementor-widget-container\">\n\t\t\t\t\t\t\t\t\t<p class=\"rtejustify\">Hire Cars Crete ha circa 400 auto di tutte le classi: piccole, medie, grandi, automatiche, decappottabili, jeep e mini bus. Siamo in grado di soddisfare anche il cliente pi\u00f9 esigente. Il nostro principio \u00e8 quello di rinnovare la nostra flotta ogni tre anni e ci assicuriamo che tutte le nostre auto siano in ottime condizioni meccaniche mediante frequenti e scrupolosi interventi di manutenzione.<\/p>\t\t\t\t\t\t\t\t<\/div>\n\t\t\t\t<\/div>\n\t\t\t\t<div class=\"elementor-element elementor-element-96b2496 premium-header-block premium-lq__none premium-box-lq__none elementor-widget elementor-widget-premium-addon-dual-header\" data-id=\"96b2496\" data-element_type=\"widget\" data-widget_type=\"premium-addon-dual-header.default\">\n\t\t\t\t<div class=\"elementor-widget-container\">\n\t\t\t\t\t\n\t\t\t\t\t<h2 class=\"premium-dual-header-first-header  gradient\"><span class=\"premium-dual-header-first-span\">FILIALI E PERSONALE <\/span><span class=\"premium-dual-header-second-header \">Sei filiali in tutta Creta<\/span><\/h2> \t\t\n\t\t\t\t\t\t<\/div>\n\t\t\t\t<\/div>\n\t\t\t\t<div class=\"elementor-element elementor-element-441f61a elementor-widget elementor-widget-text-editor\" data-id=\"441f61a\" data-element_type=\"widget\" data-widget_type=\"text-editor.default\">\n\t\t\t\t<div class=\"elementor-widget-container\">\n\t\t\t\t\t\t\t\t\t<p>La nostra azienda ha un totale di sei filiali in tutta Creta. Due filiali si trovano nella capitale Heraklion, che \u00e8 il centro commerciale dell&#8217;isola. Ci trovi nella via principale che dal porto porta al cuore della citt\u00e0 dove puoi trovare anche agenzie di viaggio, banche, ecc. Il porto \u00e8 a soli 300 metri di distanza, il museo a soli 250 me l&#8217;aeroporto internazionale di Heraklion si trova a una distanza di soli 2 km. Una filiale nell&#8217;aeroporto di Chania a soli 200 metri dall&#8217;edificio principale nel parcheggio GR. Un ramo \u00e8 nel famoso Limenas Hersonissou (o Hersonissos). Infine ci sono due filiali nel centro di Stalis (o Stalida). Inoltre la nostra azienda dispone di due enormi garage dotati di strumentazioni di ultima generazione per la corretta manutenzione delle nostre auto. Venticinque persone lavorano nella nostra azienda. Dieci di loro sono personale tecnico, 10 sono venditori e 5 sono responsabili della consegna e del ritiro delle auto.<\/p>\t\t\t\t\t\t\t\t<\/div>\n\t\t\t\t<\/div>\n\t\t\t\t<div class=\"elementor-element elementor-element-761a6eb elementor-widget elementor-widget-text-editor\" data-id=\"761a6eb\" data-element_type=\"widget\" data-widget_type=\"text-editor.default\">\n\t\t\t\t<div class=\"elementor-widget-container\">\n\t\t\t\t\t\t\t\t\t<p style=\"text-align: center;\"><strong>SERVIZI RESI<\/strong><br>Consegna e ritiro in 24 ore in tutta Creta.<br>Supporto tecnico 24 ore su 24 in tutta Creta da parte del nostro personale altamente tecnico.<br>Copertura assicurativa completa dell&#8217;auto e dei passeggeri.<\/p>\t\t\t\t\t\t\t\t<\/div>\n\t\t\t\t<\/div>\n\t\t\t\t\t<\/div>\n\t\t<\/div>\n\t\t\t\t\t<\/div>\n\t\t<\/section>\n\t\t\t\t\t<\/div>\n\t\t<\/div>\n\t\t\t\t\t<\/div>\n\t\t<\/section>\n\t\t\t\t<\/div>\n\t\t","protected":false},"excerpt":{"rendered":"<p>dal 1979 Chi siamo Noleggiare un&#8217;auto a Creta non \u00e8 mai stato cos\u00ec facile! A Greece Cars, siamo orgogliosi della nostra flotta e della variet\u00e0 e qualit\u00e0 dei veicoli che offriamo ai nostri clienti. Per noi il noleggio auto \u00e8 pi\u00f9 di un business, quindi qui puoi noleggiare un&#8217;auto senza carta di credito. La nostra [&hellip;]<\/p>\n","protected":false},"author":1,"featured_media":3666,"parent":0,"menu_order":0,"comment_status":"closed","ping_status":"closed","template":"","meta":{"footnotes":""},"class_list":["post-3121","page","type-page","status-publish","has-post-thumbnail","hentry"],"yoast_head":"<!-- This site is optimized with the Yoast SEO plugin v26.5 - https:\/\/yoast.com\/wordpress\/plugins\/seo\/ -->\n<title>Profilo &#8226; Greece Cars - Rent a Car<\/title>\n<meta name=\"robots\" content=\"index, follow, max-snippet:-1, max-image-preview:large, max-video-preview:-1\" \/>\n<link rel=\"canonical\" href=\"https:\/\/greececars.gr\/profile\/\" \/>\n<meta property=\"og:locale\" content=\"it_IT\" \/>\n<meta property=\"og:type\" content=\"article\" \/>\n<meta property=\"og:title\" content=\"Profilo &#8226; Greece Cars - Rent a Car\" \/>\n<meta property=\"og:description\" content=\"dal 1979 Chi siamo Noleggiare un&#8217;auto a Creta non \u00e8 mai stato cos\u00ec facile! A Greece Cars, siamo orgogliosi della nostra flotta e della variet\u00e0 e qualit\u00e0 dei veicoli che offriamo ai nostri clienti. Per noi il noleggio auto \u00e8 pi\u00f9 di un business, quindi qui puoi noleggiare un&#8217;auto senza carta di credito. La nostra [&hellip;]\" \/>\n<meta property=\"og:url\" content=\"https:\/\/greececars.gr\/profile\/\" \/>\n<meta property=\"og:site_name\" content=\"Greece Cars - Rent a Car\" \/>\n<meta property=\"article:modified_time\" content=\"2023-03-10T15:23:28+00:00\" \/>\n<meta property=\"og:image\" content=\"https:\/\/greececars.gr\/wp-content\/uploads\/2022\/04\/2.jpg\" \/>\n\t<meta property=\"og:image:width\" content=\"1281\" \/>\n\t<meta property=\"og:image:height\" content=\"957\" \/>\n\t<meta property=\"og:image:type\" content=\"image\/jpeg\" \/>\n<meta name=\"twitter:card\" content=\"summary_large_image\" \/>\n<meta name=\"twitter:label1\" content=\"Tempo di lettura stimato\" \/>\n\t<meta name=\"twitter:data1\" content=\"4 minuti\" \/>\n<script type=\"application\/ld+json\" class=\"yoast-schema-graph\">{\"@context\":\"https:\/\/schema.org\",\"@graph\":[{\"@type\":\"WebPage\",\"@id\":\"https:\/\/greececars.gr\/profile\/\",\"url\":\"https:\/\/greececars.gr\/profile\/\",\"name\":\"Profilo &#8226; Greece Cars - Rent a Car\",\"isPartOf\":{\"@id\":\"https:\/\/greececars.gr\/#website\"},\"primaryImageOfPage\":{\"@id\":\"https:\/\/greececars.gr\/profile\/#primaryimage\"},\"image\":{\"@id\":\"https:\/\/greececars.gr\/profile\/#primaryimage\"},\"thumbnailUrl\":\"https:\/\/greececars.gr\/wp-content\/uploads\/2022\/04\/2.jpg\",\"datePublished\":\"2022-02-09T08:58:04+00:00\",\"dateModified\":\"2023-03-10T15:23:28+00:00\",\"breadcrumb\":{\"@id\":\"https:\/\/greececars.gr\/profile\/#breadcrumb\"},\"inLanguage\":\"it-IT\",\"potentialAction\":[{\"@type\":\"ReadAction\",\"target\":[\"https:\/\/greececars.gr\/profile\/\"]}]},{\"@type\":\"ImageObject\",\"inLanguage\":\"it-IT\",\"@id\":\"https:\/\/greececars.gr\/profile\/#primaryimage\",\"url\":\"https:\/\/greececars.gr\/wp-content\/uploads\/2022\/04\/2.jpg\",\"contentUrl\":\"https:\/\/greececars.gr\/wp-content\/uploads\/2022\/04\/2.jpg\",\"width\":1281,\"height\":957,\"caption\":\"Rent a car Heraklion airport with Caravel.\"},{\"@type\":\"BreadcrumbList\",\"@id\":\"https:\/\/greececars.gr\/profile\/#breadcrumb\",\"itemListElement\":[{\"@type\":\"ListItem\",\"position\":1,\"name\":\"Home\",\"item\":\"https:\/\/greececars.gr\/\"},{\"@type\":\"ListItem\",\"position\":2,\"name\":\"Profilo\"}]},{\"@type\":\"WebSite\",\"@id\":\"https:\/\/greececars.gr\/#website\",\"url\":\"https:\/\/greececars.gr\/\",\"name\":\"Greece Cars - Rent a Car\",\"description\":\"Car Hire - Crete Greece\",\"publisher\":{\"@id\":\"https:\/\/greececars.gr\/#organization\"},\"potentialAction\":[{\"@type\":\"SearchAction\",\"target\":{\"@type\":\"EntryPoint\",\"urlTemplate\":\"https:\/\/greececars.gr\/?s={search_term_string}\"},\"query-input\":{\"@type\":\"PropertyValueSpecification\",\"valueRequired\":true,\"valueName\":\"search_term_string\"}}],\"inLanguage\":\"it-IT\"},{\"@type\":\"Organization\",\"@id\":\"https:\/\/greececars.gr\/#organization\",\"name\":\"Greece Cars - Rent a car in Crete\",\"url\":\"https:\/\/greececars.gr\/\",\"logo\":{\"@type\":\"ImageObject\",\"inLanguage\":\"it-IT\",\"@id\":\"https:\/\/greececars.gr\/#\/schema\/logo\/image\/\",\"url\":\"https:\/\/greececars.gr\/wp-content\/uploads\/2022\/04\/GREECECARS_0.jpg\",\"contentUrl\":\"https:\/\/greececars.gr\/wp-content\/uploads\/2022\/04\/GREECECARS_0.jpg\",\"width\":210,\"height\":80,\"caption\":\"Greece Cars - Rent a car in Crete\"},\"image\":{\"@id\":\"https:\/\/greececars.gr\/#\/schema\/logo\/image\/\"}}]}<\/script>\n<!-- \/ Yoast SEO plugin. -->","yoast_head_json":{"title":"Profilo &#8226; Greece Cars - Rent a Car","robots":{"index":"index","follow":"follow","max-snippet":"max-snippet:-1","max-image-preview":"max-image-preview:large","max-video-preview":"max-video-preview:-1"},"canonical":"https:\/\/greececars.gr\/profile\/","og_locale":"it_IT","og_type":"article","og_title":"Profilo &#8226; Greece Cars - Rent a Car","og_description":"dal 1979 Chi siamo Noleggiare un&#8217;auto a Creta non \u00e8 mai stato cos\u00ec facile! A Greece Cars, siamo orgogliosi della nostra flotta e della variet\u00e0 e qualit\u00e0 dei veicoli che offriamo ai nostri clienti. Per noi il noleggio auto \u00e8 pi\u00f9 di un business, quindi qui puoi noleggiare un&#8217;auto senza carta di credito. La nostra [&hellip;]","og_url":"https:\/\/greececars.gr\/profile\/","og_site_name":"Greece Cars - Rent a Car","article_modified_time":"2023-03-10T15:23:28+00:00","og_image":[{"width":1281,"height":957,"url":"https:\/\/greececars.gr\/wp-content\/uploads\/2022\/04\/2.jpg","type":"image\/jpeg"}],"twitter_card":"summary_large_image","twitter_misc":{"Tempo di lettura stimato":"4 minuti"},"schema":{"@context":"https:\/\/schema.org","@graph":[{"@type":"WebPage","@id":"https:\/\/greececars.gr\/profile\/","url":"https:\/\/greececars.gr\/profile\/","name":"Profilo &#8226; Greece Cars - Rent a Car","isPartOf":{"@id":"https:\/\/greececars.gr\/#website"},"primaryImageOfPage":{"@id":"https:\/\/greececars.gr\/profile\/#primaryimage"},"image":{"@id":"https:\/\/greececars.gr\/profile\/#primaryimage"},"thumbnailUrl":"https:\/\/greececars.gr\/wp-content\/uploads\/2022\/04\/2.jpg","datePublished":"2022-02-09T08:58:04+00:00","dateModified":"2023-03-10T15:23:28+00:00","breadcrumb":{"@id":"https:\/\/greececars.gr\/profile\/#breadcrumb"},"inLanguage":"it-IT","potentialAction":[{"@type":"ReadAction","target":["https:\/\/greececars.gr\/profile\/"]}]},{"@type":"ImageObject","inLanguage":"it-IT","@id":"https:\/\/greececars.gr\/profile\/#primaryimage","url":"https:\/\/greececars.gr\/wp-content\/uploads\/2022\/04\/2.jpg","contentUrl":"https:\/\/greececars.gr\/wp-content\/uploads\/2022\/04\/2.jpg","width":1281,"height":957,"caption":"Rent a car Heraklion airport with Caravel."},{"@type":"BreadcrumbList","@id":"https:\/\/greececars.gr\/profile\/#breadcrumb","itemListElement":[{"@type":"ListItem","position":1,"name":"Home","item":"https:\/\/greececars.gr\/"},{"@type":"ListItem","position":2,"name":"Profilo"}]},{"@type":"WebSite","@id":"https:\/\/greececars.gr\/#website","url":"https:\/\/greececars.gr\/","name":"Greece Cars - Rent a Car","description":"Car Hire - Crete Greece","publisher":{"@id":"https:\/\/greececars.gr\/#organization"},"potentialAction":[{"@type":"SearchAction","target":{"@type":"EntryPoint","urlTemplate":"https:\/\/greececars.gr\/?s={search_term_string}"},"query-input":{"@type":"PropertyValueSpecification","valueRequired":true,"valueName":"search_term_string"}}],"inLanguage":"it-IT"},{"@type":"Organization","@id":"https:\/\/greececars.gr\/#organization","name":"Greece Cars - Rent a car in Crete","url":"https:\/\/greececars.gr\/","logo":{"@type":"ImageObject","inLanguage":"it-IT","@id":"https:\/\/greececars.gr\/#\/schema\/logo\/image\/","url":"https:\/\/greececars.gr\/wp-content\/uploads\/2022\/04\/GREECECARS_0.jpg","contentUrl":"https:\/\/greececars.gr\/wp-content\/uploads\/2022\/04\/GREECECARS_0.jpg","width":210,"height":80,"caption":"Greece Cars - Rent a car in Crete"},"image":{"@id":"https:\/\/greececars.gr\/#\/schema\/logo\/image\/"}}]}},"_links":{"self":[{"href":"https:\/\/greececars.gr\/it\/wp-json\/wp\/v2\/pages\/3121","targetHints":{"allow":["GET"]}}],"collection":[{"href":"https:\/\/greececars.gr\/it\/wp-json\/wp\/v2\/pages"}],"about":[{"href":"https:\/\/greececars.gr\/it\/wp-json\/wp\/v2\/types\/page"}],"author":[{"embeddable":true,"href":"https:\/\/greececars.gr\/it\/wp-json\/wp\/v2\/users\/1"}],"replies":[{"embeddable":true,"href":"https:\/\/greececars.gr\/it\/wp-json\/wp\/v2\/comments?post=3121"}],"version-history":[{"count":23,"href":"https:\/\/greececars.gr\/it\/wp-json\/wp\/v2\/pages\/3121\/revisions"}],"predecessor-version":[{"id":4768,"href":"https:\/\/greececars.gr\/it\/wp-json\/wp\/v2\/pages\/3121\/revisions\/4768"}],"wp:featuredmedia":[{"embeddable":true,"href":"https:\/\/greececars.gr\/it\/wp-json\/wp\/v2\/media\/3666"}],"wp:attachment":[{"href":"https:\/\/greececars.gr\/it\/wp-json\/wp\/v2\/media?parent=3121"}],"curies":[{"name":"wp","href":"https:\/\/api.w.org\/{rel}","templated":true}]}}