{"id":3196,"date":"2022-02-11T14:46:30","date_gmt":"2022-02-11T12:46:30","guid":{"rendered":"https:\/\/caravel.gr\/aeroport-de-la-canee\/"},"modified":"2022-04-13T18:57:34","modified_gmt":"2022-04-13T15:57:34","slug":"aeroport-de-la-canee","status":"publish","type":"page","link":"https:\/\/greececars.gr\/fr\/aeroport-de-la-canee\/","title":{"rendered":"A\u00e9roport de La Can\u00e9e"},"content":{"rendered":"\t\t<div data-elementor-type=\"wp-page\" data-elementor-id=\"3196\" class=\"elementor elementor-3196 elementor-2811\" data-elementor-post-type=\"page\">\n\t\t\t\t\t\t<section class=\"elementor-section elementor-top-section elementor-element elementor-element-4a0e6ba elementor-section-content-middle elementor-section-stretched elementor-section-boxed elementor-section-height-default elementor-section-height-default\" data-id=\"4a0e6ba\" data-element_type=\"section\" data-settings=\"{&quot;stretch_section&quot;:&quot;section-stretched&quot;}\">\n\t\t\t\t\t\t<div class=\"elementor-container elementor-column-gap-default\">\n\t\t\t\t\t<div class=\"elementor-column elementor-col-100 elementor-top-column elementor-element elementor-element-8a44527\" data-id=\"8a44527\" data-element_type=\"column\">\n\t\t\t<div class=\"elementor-widget-wrap elementor-element-populated\">\n\t\t\t\t\t\t<div class=\"elementor-element elementor-element-1361ca69 premium-header-block premium-lq__none premium-box-lq__none elementor-widget elementor-widget-premium-addon-dual-header\" data-id=\"1361ca69\" data-element_type=\"widget\" data-settings=\"{&quot;_animation_tablet&quot;:&quot;none&quot;,&quot;_animation_mobile&quot;:&quot;none&quot;}\" data-widget_type=\"premium-addon-dual-header.default\">\n\t\t\t\t<div class=\"elementor-widget-container\">\n\t\t\t\t\t\n\t\t\t\t\t<h2 class=\"premium-dual-header-first-header \"><span class=\"premium-dual-header-first-span\">A\u00e9roport de La Can\u00e9e <\/span><span class=\"premium-dual-header-second-header \">LOUER UNE VOITURE \u00c0 L'A\u00c9ROPORT DE CHANIA <\/span><\/h2> \t\t\n\t\t\t\t\t\t<\/div>\n\t\t\t\t<\/div>\n\t\t\t\t<div class=\"elementor-element elementor-element-4935e4d6 elementor-widget-divider--view-line elementor-widget elementor-widget-divider\" data-id=\"4935e4d6\" data-element_type=\"widget\" data-settings=\"{&quot;_animation_tablet&quot;:&quot;none&quot;,&quot;_animation_mobile&quot;:&quot;none&quot;}\" data-widget_type=\"divider.default\">\n\t\t\t\t<div class=\"elementor-widget-container\">\n\t\t\t\t\t\t\t<div class=\"elementor-divider\">\n\t\t\t<span class=\"elementor-divider-separator\">\n\t\t\t\t\t\t<\/span>\n\t\t<\/div>\n\t\t\t\t\t\t<\/div>\n\t\t\t\t<\/div>\n\t\t\t\t<div class=\"elementor-element elementor-element-688302a elementor-widget elementor-widget-text-editor\" data-id=\"688302a\" data-element_type=\"widget\" data-settings=\"{&quot;_animation_tablet&quot;:&quot;none&quot;,&quot;_animation_mobile&quot;:&quot;none&quot;}\" data-widget_type=\"text-editor.default\">\n\t\t\t\t<div class=\"elementor-widget-container\">\n\t\t\t\t\t\t\t\t\t<h3 class=\"rtecenter\"><strong>A\u00e9roport de CHANIA:<\/strong><\/h3><p class=\"rtecenter\"><strong>Adresse<\/strong> : Gare d&rsquo;Akrotiri, A\u00e9roport de La Can\u00e9e, 73100<br \/><strong>Portable<\/strong> : +30.6980.343448<\/p>\t\t\t\t\t\t\t\t<\/div>\n\t\t\t\t<\/div>\n\t\t\t\t\t<\/div>\n\t\t<\/div>\n\t\t\t\t\t<\/div>\n\t\t<\/section>\n\t\t\t\t<section class=\"elementor-section elementor-top-section elementor-element elementor-element-c35d96c elementor-section-full_width elementor-section-height-min-height elementor-section-height-default elementor-section-items-middle\" data-id=\"c35d96c\" data-element_type=\"section\">\n\t\t\t\t\t\t<div class=\"elementor-container elementor-column-gap-default\">\n\t\t\t\t\t<div class=\"elementor-column elementor-col-100 elementor-top-column elementor-element elementor-element-1319528\" data-id=\"1319528\" data-element_type=\"column\">\n\t\t\t<div class=\"elementor-widget-wrap elementor-element-populated\">\n\t\t\t\t\t\t<div class=\"elementor-element elementor-element-8bfd64b elementor-widget elementor-widget-heading\" data-id=\"8bfd64b\" data-element_type=\"widget\" data-widget_type=\"heading.default\">\n\t\t\t\t<div class=\"elementor-widget-container\">\n\t\t\t\t\t<h2 class=\"elementor-heading-title elementor-size-default\">Itin\u00e9raire vers notre bureau \/ parking \u00e0 l'a\u00e9roport de La Can\u00e9e<\/h2>\t\t\t\t<\/div>\n\t\t\t\t<\/div>\n\t\t\t\t<div class=\"elementor-element elementor-element-892be7c elementor-widget elementor-widget-google_maps\" data-id=\"892be7c\" data-element_type=\"widget\" data-widget_type=\"google_maps.default\">\n\t\t\t\t<div class=\"elementor-widget-container\">\n\t\t\t\t\t\t\t<div class=\"elementor-custom-embed\">\n\t\t\t<iframe loading=\"lazy\"\n\t\t\t\t\tsrc=\"https:\/\/maps.google.com\/maps?q=Caravel%20Car%20Hire%20Akrotiri%20Station&#038;t=m&#038;z=15&#038;output=embed&#038;iwloc=near\"\n\t\t\t\t\ttitle=\"Caravel Car Hire Akrotiri Station\"\n\t\t\t\t\taria-label=\"Caravel Car Hire Akrotiri Station\"\n\t\t\t><\/iframe>\n\t\t<\/div>\n\t\t\t\t\t\t<\/div>\n\t\t\t\t<\/div>\n\t\t\t\t\t<\/div>\n\t\t<\/div>\n\t\t\t\t\t<\/div>\n\t\t<\/section>\n\t\t\t\t<section class=\"elementor-section elementor-top-section elementor-element elementor-element-8b01560 elementor-section-height-min-height elementor-section-content-middle elementor-section-boxed elementor-section-height-default elementor-section-items-middle\" data-id=\"8b01560\" data-element_type=\"section\" data-settings=\"{&quot;background_background&quot;:&quot;classic&quot;,&quot;background_motion_fx_motion_fx_scrolling&quot;:&quot;yes&quot;,&quot;background_motion_fx_translateY_effect&quot;:&quot;yes&quot;,&quot;background_motion_fx_translateY_speed&quot;:{&quot;unit&quot;:&quot;px&quot;,&quot;size&quot;:5,&quot;sizes&quot;:[]},&quot;background_motion_fx_scale_effect&quot;:&quot;yes&quot;,&quot;background_motion_fx_scale_direction&quot;:&quot;in-out&quot;,&quot;background_motion_fx_range&quot;:&quot;viewport&quot;,&quot;background_motion_fx_translateY_affectedRange&quot;:{&quot;unit&quot;:&quot;%&quot;,&quot;size&quot;:&quot;&quot;,&quot;sizes&quot;:{&quot;start&quot;:0,&quot;end&quot;:100}},&quot;background_motion_fx_scale_speed&quot;:{&quot;unit&quot;:&quot;px&quot;,&quot;size&quot;:4,&quot;sizes&quot;:[]},&quot;background_motion_fx_scale_range&quot;:{&quot;unit&quot;:&quot;%&quot;,&quot;size&quot;:&quot;&quot;,&quot;sizes&quot;:{&quot;start&quot;:20,&quot;end&quot;:80}},&quot;background_motion_fx_devices&quot;:[&quot;desktop&quot;,&quot;tablet&quot;,&quot;mobile&quot;]}\">\n\t\t\t\t\t\t<div class=\"elementor-container elementor-column-gap-default\">\n\t\t\t\t\t<div class=\"elementor-column elementor-col-100 elementor-top-column elementor-element elementor-element-97cb31b\" data-id=\"97cb31b\" data-element_type=\"column\">\n\t\t\t<div class=\"elementor-widget-wrap elementor-element-populated\">\n\t\t\t\t\t\t\t<\/div>\n\t\t<\/div>\n\t\t\t\t\t<\/div>\n\t\t<\/section>\n\t\t\t\t<\/div>\n\t\t","protected":false},"excerpt":{"rendered":"<p>A\u00e9roport de La Can\u00e9e LOUER UNE VOITURE \u00c0 L&rsquo;A\u00c9ROPORT DE CHANIA A\u00e9roport de CHANIA: Adresse : Gare d&rsquo;Akrotiri, A\u00e9roport de La Can\u00e9e, 73100Portable : +30.6980.343448 Itin\u00e9raire vers notre bureau \/ parking \u00e0 l&rsquo;a\u00e9roport de La Can\u00e9e<\/p>\n","protected":false},"author":1,"featured_media":3693,"parent":0,"menu_order":0,"comment_status":"closed","ping_status":"closed","template":"","meta":{"footnotes":""},"class_list":["post-3196","page","type-page","status-publish","has-post-thumbnail","hentry"],"yoast_head":"<!-- This site is optimized with the Yoast SEO plugin v26.5 - https:\/\/yoast.com\/wordpress\/plugins\/seo\/ -->\n<title>A\u00e9roport de La Can\u00e9e &#8226; Greece Cars - Rent a Car<\/title>\n<meta name=\"robots\" content=\"index, follow, max-snippet:-1, max-image-preview:large, max-video-preview:-1\" \/>\n<link rel=\"canonical\" href=\"https:\/\/greececars.gr\/chania-airport\/\" \/>\n<meta property=\"og:locale\" content=\"fr_FR\" \/>\n<meta property=\"og:type\" content=\"article\" \/>\n<meta property=\"og:title\" content=\"A\u00e9roport de La Can\u00e9e &#8226; Greece Cars - Rent a Car\" \/>\n<meta property=\"og:description\" content=\"A\u00e9roport de La Can\u00e9e LOUER UNE VOITURE \u00c0 L&rsquo;A\u00c9ROPORT DE CHANIA A\u00e9roport de CHANIA: Adresse : Gare d&rsquo;Akrotiri, A\u00e9roport de La Can\u00e9e, 73100Portable : +30.6980.343448 Itin\u00e9raire vers notre bureau \/ parking \u00e0 l&rsquo;a\u00e9roport de La Can\u00e9e\" \/>\n<meta property=\"og:url\" content=\"https:\/\/greececars.gr\/chania-airport\/\" \/>\n<meta property=\"og:site_name\" content=\"Greece Cars - Rent a Car\" \/>\n<meta property=\"article:modified_time\" content=\"2022-04-13T15:57:34+00:00\" \/>\n<meta property=\"og:image\" content=\"https:\/\/greececars.gr\/wp-content\/uploads\/2022\/04\/chaniaairpor.jpg\" \/>\n\t<meta property=\"og:image:width\" content=\"1080\" \/>\n\t<meta property=\"og:image:height\" content=\"727\" \/>\n\t<meta property=\"og:image:type\" content=\"image\/jpeg\" \/>\n<meta name=\"twitter:card\" content=\"summary_large_image\" \/>\n<meta name=\"twitter:label1\" content=\"Dur\u00e9e de lecture estim\u00e9e\" \/>\n\t<meta name=\"twitter:data1\" content=\"1 minute\" \/>\n<script type=\"application\/ld+json\" class=\"yoast-schema-graph\">{\"@context\":\"https:\/\/schema.org\",\"@graph\":[{\"@type\":\"WebPage\",\"@id\":\"https:\/\/greececars.gr\/chania-airport\/\",\"url\":\"https:\/\/greececars.gr\/chania-airport\/\",\"name\":\"A\u00e9roport de La Can\u00e9e &#8226; Greece Cars - Rent a Car\",\"isPartOf\":{\"@id\":\"https:\/\/greececars.gr\/#website\"},\"primaryImageOfPage\":{\"@id\":\"https:\/\/greececars.gr\/chania-airport\/#primaryimage\"},\"image\":{\"@id\":\"https:\/\/greececars.gr\/chania-airport\/#primaryimage\"},\"thumbnailUrl\":\"https:\/\/greececars.gr\/wp-content\/uploads\/2022\/04\/chaniaairpor.jpg\",\"datePublished\":\"2022-02-11T12:46:30+00:00\",\"dateModified\":\"2022-04-13T15:57:34+00:00\",\"breadcrumb\":{\"@id\":\"https:\/\/greececars.gr\/chania-airport\/#breadcrumb\"},\"inLanguage\":\"fr-FR\",\"potentialAction\":[{\"@type\":\"ReadAction\",\"target\":[\"https:\/\/greececars.gr\/chania-airport\/\"]}]},{\"@type\":\"ImageObject\",\"inLanguage\":\"fr-FR\",\"@id\":\"https:\/\/greececars.gr\/chania-airport\/#primaryimage\",\"url\":\"https:\/\/greececars.gr\/wp-content\/uploads\/2022\/04\/chaniaairpor.jpg\",\"contentUrl\":\"https:\/\/greececars.gr\/wp-content\/uploads\/2022\/04\/chaniaairpor.jpg\",\"width\":1080,\"height\":727,\"caption\":\"Rent a car Chania airport with Caravel car rental\"},{\"@type\":\"BreadcrumbList\",\"@id\":\"https:\/\/greececars.gr\/chania-airport\/#breadcrumb\",\"itemListElement\":[{\"@type\":\"ListItem\",\"position\":1,\"name\":\"Home\",\"item\":\"https:\/\/greececars.gr\/\"},{\"@type\":\"ListItem\",\"position\":2,\"name\":\"A\u00e9roport de La Can\u00e9e\"}]},{\"@type\":\"WebSite\",\"@id\":\"https:\/\/greececars.gr\/#website\",\"url\":\"https:\/\/greececars.gr\/\",\"name\":\"Greece Cars - Rent a Car\",\"description\":\"Car Hire - Crete Greece\",\"publisher\":{\"@id\":\"https:\/\/greececars.gr\/#organization\"},\"potentialAction\":[{\"@type\":\"SearchAction\",\"target\":{\"@type\":\"EntryPoint\",\"urlTemplate\":\"https:\/\/greececars.gr\/?s={search_term_string}\"},\"query-input\":{\"@type\":\"PropertyValueSpecification\",\"valueRequired\":true,\"valueName\":\"search_term_string\"}}],\"inLanguage\":\"fr-FR\"},{\"@type\":\"Organization\",\"@id\":\"https:\/\/greececars.gr\/#organization\",\"name\":\"Greece Cars - Rent a car in Crete\",\"url\":\"https:\/\/greececars.gr\/\",\"logo\":{\"@type\":\"ImageObject\",\"inLanguage\":\"fr-FR\",\"@id\":\"https:\/\/greececars.gr\/#\/schema\/logo\/image\/\",\"url\":\"https:\/\/greececars.gr\/wp-content\/uploads\/2022\/04\/GREECECARS_0.jpg\",\"contentUrl\":\"https:\/\/greececars.gr\/wp-content\/uploads\/2022\/04\/GREECECARS_0.jpg\",\"width\":210,\"height\":80,\"caption\":\"Greece Cars - Rent a car in Crete\"},\"image\":{\"@id\":\"https:\/\/greececars.gr\/#\/schema\/logo\/image\/\"}}]}<\/script>\n<!-- \/ Yoast SEO plugin. -->","yoast_head_json":{"title":"A\u00e9roport de La Can\u00e9e &#8226; Greece Cars - Rent a Car","robots":{"index":"index","follow":"follow","max-snippet":"max-snippet:-1","max-image-preview":"max-image-preview:large","max-video-preview":"max-video-preview:-1"},"canonical":"https:\/\/greececars.gr\/chania-airport\/","og_locale":"fr_FR","og_type":"article","og_title":"A\u00e9roport de La Can\u00e9e &#8226; Greece Cars - Rent a Car","og_description":"A\u00e9roport de La Can\u00e9e LOUER UNE VOITURE \u00c0 L&rsquo;A\u00c9ROPORT DE CHANIA A\u00e9roport de CHANIA: Adresse : Gare d&rsquo;Akrotiri, A\u00e9roport de La Can\u00e9e, 73100Portable : +30.6980.343448 Itin\u00e9raire vers notre bureau \/ parking \u00e0 l&rsquo;a\u00e9roport de La Can\u00e9e","og_url":"https:\/\/greececars.gr\/chania-airport\/","og_site_name":"Greece Cars - Rent a Car","article_modified_time":"2022-04-13T15:57:34+00:00","og_image":[{"width":1080,"height":727,"url":"https:\/\/greececars.gr\/wp-content\/uploads\/2022\/04\/chaniaairpor.jpg","type":"image\/jpeg"}],"twitter_card":"summary_large_image","twitter_misc":{"Dur\u00e9e de lecture estim\u00e9e":"1 minute"},"schema":{"@context":"https:\/\/schema.org","@graph":[{"@type":"WebPage","@id":"https:\/\/greececars.gr\/chania-airport\/","url":"https:\/\/greececars.gr\/chania-airport\/","name":"A\u00e9roport de La Can\u00e9e &#8226; Greece Cars - Rent a Car","isPartOf":{"@id":"https:\/\/greececars.gr\/#website"},"primaryImageOfPage":{"@id":"https:\/\/greececars.gr\/chania-airport\/#primaryimage"},"image":{"@id":"https:\/\/greececars.gr\/chania-airport\/#primaryimage"},"thumbnailUrl":"https:\/\/greececars.gr\/wp-content\/uploads\/2022\/04\/chaniaairpor.jpg","datePublished":"2022-02-11T12:46:30+00:00","dateModified":"2022-04-13T15:57:34+00:00","breadcrumb":{"@id":"https:\/\/greececars.gr\/chania-airport\/#breadcrumb"},"inLanguage":"fr-FR","potentialAction":[{"@type":"ReadAction","target":["https:\/\/greececars.gr\/chania-airport\/"]}]},{"@type":"ImageObject","inLanguage":"fr-FR","@id":"https:\/\/greececars.gr\/chania-airport\/#primaryimage","url":"https:\/\/greececars.gr\/wp-content\/uploads\/2022\/04\/chaniaairpor.jpg","contentUrl":"https:\/\/greececars.gr\/wp-content\/uploads\/2022\/04\/chaniaairpor.jpg","width":1080,"height":727,"caption":"Rent a car Chania airport with Caravel car rental"},{"@type":"BreadcrumbList","@id":"https:\/\/greececars.gr\/chania-airport\/#breadcrumb","itemListElement":[{"@type":"ListItem","position":1,"name":"Home","item":"https:\/\/greececars.gr\/"},{"@type":"ListItem","position":2,"name":"A\u00e9roport de La Can\u00e9e"}]},{"@type":"WebSite","@id":"https:\/\/greececars.gr\/#website","url":"https:\/\/greececars.gr\/","name":"Greece Cars - Rent a Car","description":"Car Hire - Crete Greece","publisher":{"@id":"https:\/\/greececars.gr\/#organization"},"potentialAction":[{"@type":"SearchAction","target":{"@type":"EntryPoint","urlTemplate":"https:\/\/greececars.gr\/?s={search_term_string}"},"query-input":{"@type":"PropertyValueSpecification","valueRequired":true,"valueName":"search_term_string"}}],"inLanguage":"fr-FR"},{"@type":"Organization","@id":"https:\/\/greececars.gr\/#organization","name":"Greece Cars - Rent a car in Crete","url":"https:\/\/greececars.gr\/","logo":{"@type":"ImageObject","inLanguage":"fr-FR","@id":"https:\/\/greececars.gr\/#\/schema\/logo\/image\/","url":"https:\/\/greececars.gr\/wp-content\/uploads\/2022\/04\/GREECECARS_0.jpg","contentUrl":"https:\/\/greececars.gr\/wp-content\/uploads\/2022\/04\/GREECECARS_0.jpg","width":210,"height":80,"caption":"Greece Cars - Rent a car in Crete"},"image":{"@id":"https:\/\/greececars.gr\/#\/schema\/logo\/image\/"}}]}},"_links":{"self":[{"href":"https:\/\/greececars.gr\/fr\/wp-json\/wp\/v2\/pages\/3196","targetHints":{"allow":["GET"]}}],"collection":[{"href":"https:\/\/greececars.gr\/fr\/wp-json\/wp\/v2\/pages"}],"about":[{"href":"https:\/\/greececars.gr\/fr\/wp-json\/wp\/v2\/types\/page"}],"author":[{"embeddable":true,"href":"https:\/\/greececars.gr\/fr\/wp-json\/wp\/v2\/users\/1"}],"replies":[{"embeddable":true,"href":"https:\/\/greececars.gr\/fr\/wp-json\/wp\/v2\/comments?post=3196"}],"version-history":[{"count":9,"href":"https:\/\/greececars.gr\/fr\/wp-json\/wp\/v2\/pages\/3196\/revisions"}],"predecessor-version":[{"id":4369,"href":"https:\/\/greececars.gr\/fr\/wp-json\/wp\/v2\/pages\/3196\/revisions\/4369"}],"wp:featuredmedia":[{"embeddable":true,"href":"https:\/\/greececars.gr\/fr\/wp-json\/wp\/v2\/media\/3693"}],"wp:attachment":[{"href":"https:\/\/greececars.gr\/fr\/wp-json\/wp\/v2\/media?parent=3196"}],"curies":[{"name":"wp","href":"https:\/\/api.w.org\/{rel}","templated":true}]}}