{"id":3182,"date":"2022-02-09T13:15:20","date_gmt":"2022-02-09T11:15:20","guid":{"rendered":"https:\/\/caravel.gr\/nous-contacter\/"},"modified":"2022-04-18T21:15:29","modified_gmt":"2022-04-18T18:15:29","slug":"nous-contacter","status":"publish","type":"page","link":"https:\/\/greececars.gr\/fr\/nous-contacter\/","title":{"rendered":"Nous contacter"},"content":{"rendered":"\t\t<div data-elementor-type=\"wp-page\" data-elementor-id=\"3182\" class=\"elementor elementor-3182 elementor-938\" data-elementor-post-type=\"page\">\n\t\t\t\t\t\t<section class=\"elementor-section elementor-top-section elementor-element elementor-element-66dfd691 elementor-section-boxed elementor-section-height-default elementor-section-height-default\" data-id=\"66dfd691\" data-element_type=\"section\">\n\t\t\t\t\t\t<div class=\"elementor-container elementor-column-gap-default\">\n\t\t\t\t\t<div class=\"elementor-column elementor-col-100 elementor-top-column elementor-element elementor-element-10a826a4\" data-id=\"10a826a4\" data-element_type=\"column\">\n\t\t\t<div class=\"elementor-widget-wrap elementor-element-populated\">\n\t\t\t\t\t\t<div class=\"elementor-element elementor-element-2c37d816 elementor-widget elementor-widget-heading\" data-id=\"2c37d816\" data-element_type=\"widget\" data-widget_type=\"heading.default\">\n\t\t\t\t<div class=\"elementor-widget-container\">\n\t\t\t\t\t<h2 class=\"elementor-heading-title elementor-size-default\">Nous contacter <\/h2>\t\t\t\t<\/div>\n\t\t\t\t<\/div>\n\t\t\t\t<section class=\"elementor-section elementor-inner-section elementor-element elementor-element-8c9c7d9 elementor-section-boxed elementor-section-height-default elementor-section-height-default\" data-id=\"8c9c7d9\" data-element_type=\"section\">\n\t\t\t\t\t\t<div class=\"elementor-container elementor-column-gap-default\">\n\t\t\t\t\t<div class=\"elementor-column elementor-col-100 elementor-inner-column elementor-element elementor-element-1e35a5f8\" data-id=\"1e35a5f8\" data-element_type=\"column\">\n\t\t\t<div class=\"elementor-widget-wrap\">\n\t\t\t\t\t\t\t<\/div>\n\t\t<\/div>\n\t\t\t\t\t<\/div>\n\t\t<\/section>\n\t\t\t\t<section class=\"elementor-section elementor-inner-section elementor-element elementor-element-87febbb elementor-section-boxed elementor-section-height-default elementor-section-height-default\" data-id=\"87febbb\" data-element_type=\"section\">\n\t\t\t\t\t\t<div class=\"elementor-container elementor-column-gap-default\">\n\t\t\t\t\t<div class=\"elementor-column elementor-col-50 elementor-inner-column elementor-element elementor-element-ed15f6e\" data-id=\"ed15f6e\" data-element_type=\"column\">\n\t\t\t<div class=\"elementor-widget-wrap\">\n\t\t\t\t\t\t\t<\/div>\n\t\t<\/div>\n\t\t\t\t<div class=\"elementor-column elementor-col-50 elementor-inner-column elementor-element elementor-element-171409f\" data-id=\"171409f\" data-element_type=\"column\">\n\t\t\t<div class=\"elementor-widget-wrap\">\n\t\t\t\t\t\t\t<\/div>\n\t\t<\/div>\n\t\t\t\t\t<\/div>\n\t\t<\/section>\n\t\t\t\t<section class=\"elementor-section elementor-inner-section elementor-element elementor-element-29ba773 elementor-section-boxed elementor-section-height-default elementor-section-height-default\" data-id=\"29ba773\" data-element_type=\"section\">\n\t\t\t\t\t\t<div class=\"elementor-container elementor-column-gap-default\">\n\t\t\t\t\t<div class=\"elementor-column elementor-col-50 elementor-inner-column elementor-element elementor-element-f4f47d0\" data-id=\"f4f47d0\" data-element_type=\"column\">\n\t\t\t<div class=\"elementor-widget-wrap\">\n\t\t\t\t\t\t\t<\/div>\n\t\t<\/div>\n\t\t\t\t<div class=\"elementor-column elementor-col-50 elementor-inner-column elementor-element elementor-element-56963f0\" data-id=\"56963f0\" data-element_type=\"column\">\n\t\t\t<div class=\"elementor-widget-wrap\">\n\t\t\t\t\t\t\t<\/div>\n\t\t<\/div>\n\t\t\t\t\t<\/div>\n\t\t<\/section>\n\t\t\t\t\t<\/div>\n\t\t<\/div>\n\t\t\t\t\t<\/div>\n\t\t<\/section>\n\t\t\t\t<section class=\"elementor-section elementor-top-section elementor-element elementor-element-459d31e3 elementor-section-content-middle elementor-reverse-mobile elementor-reverse-tablet elementor-section-boxed elementor-section-height-default elementor-section-height-default\" data-id=\"459d31e3\" data-element_type=\"section\" data-settings=\"{&quot;background_background&quot;:&quot;classic&quot;}\">\n\t\t\t\t\t\t<div class=\"elementor-container elementor-column-gap-no\">\n\t\t\t\t\t<div class=\"elementor-column elementor-col-100 elementor-top-column elementor-element elementor-element-5300717\" data-id=\"5300717\" data-element_type=\"column\">\n\t\t\t<div class=\"elementor-widget-wrap elementor-element-populated\">\n\t\t\t\t\t\t<div class=\"elementor-element elementor-element-610a87a elementor-widget elementor-widget-heading\" data-id=\"610a87a\" data-element_type=\"widget\" data-widget_type=\"heading.default\">\n\t\t\t\t<div class=\"elementor-widget-container\">\n\t\t\t\t\t<h1 class=\"elementor-heading-title elementor-size-default\">Formulaire de contact<\/h1>\t\t\t\t<\/div>\n\t\t\t\t<\/div>\n\t\t\t\t<div class=\"elementor-element elementor-element-3ae2ea2 elementor-button-align-center elementor-widget elementor-widget-form\" data-id=\"3ae2ea2\" data-element_type=\"widget\" data-settings=\"{&quot;step_next_label&quot;:&quot;Suivant&quot;,&quot;step_previous_label&quot;:&quot;Pr\\u00e9c\\u00e9dent&quot;,&quot;button_width&quot;:&quot;100&quot;,&quot;step_type&quot;:&quot;number_text&quot;,&quot;step_icon_shape&quot;:&quot;circle&quot;}\" data-widget_type=\"form.default\">\n\t\t\t\t<div class=\"elementor-widget-container\">\n\t\t\t\t\t\t\t<form class=\"elementor-form\" method=\"post\" name=\"Nouvelle forme\" aria-label=\"Nouvelle forme\">\n\t\t\t<input type=\"hidden\" name=\"post_id\" value=\"3182\"\/>\n\t\t\t<input type=\"hidden\" name=\"form_id\" value=\"3ae2ea2\"\/>\n\t\t\t<input type=\"hidden\" name=\"referer_title\" value=\"Nous contacter &#8226; Greece Cars - Rent a Car\" \/>\n\n\t\t\t\t\t\t\t<input type=\"hidden\" name=\"queried_id\" value=\"3182\"\/>\n\t\t\t\n\t\t\t<div class=\"elementor-form-fields-wrapper elementor-labels-\">\n\t\t\t\t\t\t\t\t<div class=\"elementor-field-type-text elementor-field-group elementor-column elementor-field-group-name elementor-col-50\">\n\t\t\t\t\t\t\t\t\t\t\t\t<label for=\"form-field-name\" class=\"elementor-field-label elementor-screen-only\">\n\t\t\t\t\t\t\t\tPr\u00e9nom\t\t\t\t\t\t\t<\/label>\n\t\t\t\t\t\t\t\t\t\t\t\t\t\t<input size=\"1\" type=\"text\" name=\"form_fields[name]\" id=\"form-field-name\" class=\"elementor-field elementor-size-sm  elementor-field-textual\" placeholder=\"Pr\u00e9nom\">\n\t\t\t\t\t\t\t\t\t\t\t<\/div>\n\t\t\t\t\t\t\t\t<div class=\"elementor-field-type-text elementor-field-group elementor-column elementor-field-group-field_80aae16 elementor-col-50\">\n\t\t\t\t\t\t\t\t\t\t\t\t<label for=\"form-field-field_80aae16\" class=\"elementor-field-label elementor-screen-only\">\n\t\t\t\t\t\t\t\tNom de famille\t\t\t\t\t\t\t<\/label>\n\t\t\t\t\t\t\t\t\t\t\t\t\t\t<input size=\"1\" type=\"text\" name=\"form_fields[field_80aae16]\" id=\"form-field-field_80aae16\" class=\"elementor-field elementor-size-sm  elementor-field-textual\" placeholder=\"Nom de famille\">\n\t\t\t\t\t\t\t\t\t\t\t<\/div>\n\t\t\t\t\t\t\t\t<div class=\"elementor-field-type-email elementor-field-group elementor-column elementor-field-group-email elementor-col-50 elementor-field-required\">\n\t\t\t\t\t\t\t\t\t\t\t\t<label for=\"form-field-email\" class=\"elementor-field-label elementor-screen-only\">\n\t\t\t\t\t\t\t\tE-mail\t\t\t\t\t\t\t<\/label>\n\t\t\t\t\t\t\t\t\t\t\t\t\t\t<input size=\"1\" type=\"email\" name=\"form_fields[email]\" id=\"form-field-email\" class=\"elementor-field elementor-size-sm  elementor-field-textual\" placeholder=\"Adresse e-mail\" required=\"required\">\n\t\t\t\t\t\t\t\t\t\t\t<\/div>\n\t\t\t\t\t\t\t\t<div class=\"elementor-field-type-tel elementor-field-group elementor-column elementor-field-group-field_2ab6dff elementor-col-50\">\n\t\t\t\t\t\t\t\t\t\t\t\t<label for=\"form-field-field_2ab6dff\" class=\"elementor-field-label elementor-screen-only\">\n\t\t\t\t\t\t\t\tT\u00e9l\u00e9phoner\t\t\t\t\t\t\t<\/label>\n\t\t\t\t\t\t\t\t<input size=\"1\" type=\"tel\" name=\"form_fields[field_2ab6dff]\" id=\"form-field-field_2ab6dff\" class=\"elementor-field elementor-size-sm  elementor-field-textual\" placeholder=\"Num\u00e9ro de t\u00e9l\u00e9phone\" pattern=\"[0-9()#&amp;+*-=.]+\" title=\"Seuls les caract\u00e8res de num\u00e9ros de t\u00e9l\u00e9phone (#, -, *, etc.) sont accept\u00e9s.\">\n\n\t\t\t\t\t\t<\/div>\n\t\t\t\t\t\t\t\t<div class=\"elementor-field-type-textarea elementor-field-group elementor-column elementor-field-group-message elementor-col-100\">\n\t\t\t\t\t\t\t\t\t\t\t\t<label for=\"form-field-message\" class=\"elementor-field-label elementor-screen-only\">\n\t\t\t\t\t\t\t\tUn message\t\t\t\t\t\t\t<\/label>\n\t\t\t\t\t\t<textarea class=\"elementor-field-textual elementor-field  elementor-size-sm\" name=\"form_fields[message]\" id=\"form-field-message\" rows=\"4\" placeholder=\"Comment puis-je vous aider\u2026\"><\/textarea>\t\t\t\t<\/div>\n\t\t\t\t\t\t\t\t<div class=\"elementor-field-type-recaptcha elementor-field-group elementor-column elementor-field-group-field_2441121 elementor-col-100\">\n\t\t\t\t\t<div class=\"elementor-field\" id=\"form-field-field_2441121\"><div class=\"elementor-g-recaptcha\" data-sitekey=\"6LeEKXQfAAAAAMwJiVCPy3R722yE1iAVEICO0hTp\" data-type=\"v2_checkbox\" data-theme=\"light\" data-size=\"normal\"><\/div><\/div>\t\t\t\t<\/div>\n\t\t\t\t\t\t\t\t<div class=\"elementor-field-group elementor-column elementor-field-type-submit elementor-col-100 e-form__buttons\">\n\t\t\t\t\t<button class=\"elementor-button elementor-size-sm\" type=\"submit\">\n\t\t\t\t\t\t<span class=\"elementor-button-content-wrapper\">\n\t\t\t\t\t\t\t\t\t\t\t\t\t\t\t\t\t\t\t\t\t\t<span class=\"elementor-button-text\">ENVOYER<\/span>\n\t\t\t\t\t\t\t\t\t\t\t\t\t<\/span>\n\t\t\t\t\t<\/button>\n\t\t\t\t<\/div>\n\t\t\t<\/div>\n\t\t<\/form>\n\t\t\t\t\t\t<\/div>\n\t\t\t\t<\/div>\n\t\t\t\t\t<\/div>\n\t\t<\/div>\n\t\t\t\t\t<\/div>\n\t\t<\/section>\n\t\t\t\t<\/div>\n\t\t","protected":false},"excerpt":{"rendered":"<p>Nous contacter HERAKLION (si\u00e8ge social) Adresse : 39, rue du 25 ao\u00fbt. &#8211; H\u00e9raklion Cr\u00e8te, Gr\u00e8ce T\u00e9l : +30.2810.335900 Portable : +30.6980.343448 Voir sur Google Maps A\u00e9roport d&rsquo;H\u00e9raklion Adresse : Parking municipal, H\u00e9raklion, A\u00e9roport, 71601 T\u00e9l : +30.2810.343732 | Mobile : +30.6980.343448 Voir sur Google Maps A\u00e9roport de La Can\u00e9e Adresse : gare d&#8217;Akrotiri, a\u00e9roport [&hellip;]<\/p>\n","protected":false},"author":1,"featured_media":0,"parent":0,"menu_order":0,"comment_status":"closed","ping_status":"closed","template":"","meta":{"footnotes":""},"class_list":["post-3182","page","type-page","status-publish","hentry"],"yoast_head":"<!-- This site is optimized with the Yoast SEO plugin v26.5 - https:\/\/yoast.com\/wordpress\/plugins\/seo\/ -->\n<title>Nous contacter &#8226; Greece Cars - Rent a Car<\/title>\n<meta name=\"robots\" content=\"index, follow, max-snippet:-1, max-image-preview:large, max-video-preview:-1\" \/>\n<link rel=\"canonical\" href=\"https:\/\/greececars.gr\/contact-us\/\" \/>\n<meta property=\"og:locale\" content=\"fr_FR\" \/>\n<meta property=\"og:type\" content=\"article\" \/>\n<meta property=\"og:title\" content=\"Nous contacter &#8226; Greece Cars - Rent a Car\" \/>\n<meta property=\"og:description\" content=\"Nous contacter HERAKLION (si\u00e8ge social) Adresse : 39, rue du 25 ao\u00fbt. &#8211; H\u00e9raklion Cr\u00e8te, Gr\u00e8ce T\u00e9l : +30.2810.335900 Portable : +30.6980.343448 Voir sur Google Maps A\u00e9roport d&rsquo;H\u00e9raklion Adresse : Parking municipal, H\u00e9raklion, A\u00e9roport, 71601 T\u00e9l : +30.2810.343732 | Mobile : +30.6980.343448 Voir sur Google Maps A\u00e9roport de La Can\u00e9e Adresse : gare d&#8217;Akrotiri, a\u00e9roport [&hellip;]\" \/>\n<meta property=\"og:url\" content=\"https:\/\/greececars.gr\/contact-us\/\" \/>\n<meta property=\"og:site_name\" content=\"Greece Cars - Rent a Car\" \/>\n<meta property=\"article:modified_time\" content=\"2022-04-18T18:15:29+00:00\" \/>\n<meta name=\"twitter:card\" content=\"summary_large_image\" \/>\n<meta name=\"twitter:label1\" content=\"Dur\u00e9e de lecture estim\u00e9e\" \/>\n\t<meta name=\"twitter:data1\" content=\"1 minute\" \/>\n<script type=\"application\/ld+json\" class=\"yoast-schema-graph\">{\"@context\":\"https:\/\/schema.org\",\"@graph\":[{\"@type\":\"WebPage\",\"@id\":\"https:\/\/greececars.gr\/contact-us\/\",\"url\":\"https:\/\/greececars.gr\/contact-us\/\",\"name\":\"Nous contacter &#8226; Greece Cars - Rent a Car\",\"isPartOf\":{\"@id\":\"https:\/\/greececars.gr\/#website\"},\"datePublished\":\"2022-02-09T11:15:20+00:00\",\"dateModified\":\"2022-04-18T18:15:29+00:00\",\"breadcrumb\":{\"@id\":\"https:\/\/greececars.gr\/contact-us\/#breadcrumb\"},\"inLanguage\":\"fr-FR\",\"potentialAction\":[{\"@type\":\"ReadAction\",\"target\":[\"https:\/\/greececars.gr\/contact-us\/\"]}]},{\"@type\":\"BreadcrumbList\",\"@id\":\"https:\/\/greececars.gr\/contact-us\/#breadcrumb\",\"itemListElement\":[{\"@type\":\"ListItem\",\"position\":1,\"name\":\"Home\",\"item\":\"https:\/\/greececars.gr\/\"},{\"@type\":\"ListItem\",\"position\":2,\"name\":\"Nous contacter\"}]},{\"@type\":\"WebSite\",\"@id\":\"https:\/\/greececars.gr\/#website\",\"url\":\"https:\/\/greececars.gr\/\",\"name\":\"Greece Cars - Rent a Car\",\"description\":\"Car Hire - Crete Greece\",\"publisher\":{\"@id\":\"https:\/\/greececars.gr\/#organization\"},\"potentialAction\":[{\"@type\":\"SearchAction\",\"target\":{\"@type\":\"EntryPoint\",\"urlTemplate\":\"https:\/\/greececars.gr\/?s={search_term_string}\"},\"query-input\":{\"@type\":\"PropertyValueSpecification\",\"valueRequired\":true,\"valueName\":\"search_term_string\"}}],\"inLanguage\":\"fr-FR\"},{\"@type\":\"Organization\",\"@id\":\"https:\/\/greececars.gr\/#organization\",\"name\":\"Greece Cars - Rent a car in Crete\",\"url\":\"https:\/\/greececars.gr\/\",\"logo\":{\"@type\":\"ImageObject\",\"inLanguage\":\"fr-FR\",\"@id\":\"https:\/\/greececars.gr\/#\/schema\/logo\/image\/\",\"url\":\"https:\/\/greececars.gr\/wp-content\/uploads\/2022\/04\/GREECECARS_0.jpg\",\"contentUrl\":\"https:\/\/greececars.gr\/wp-content\/uploads\/2022\/04\/GREECECARS_0.jpg\",\"width\":210,\"height\":80,\"caption\":\"Greece Cars - Rent a car in Crete\"},\"image\":{\"@id\":\"https:\/\/greececars.gr\/#\/schema\/logo\/image\/\"}}]}<\/script>\n<!-- \/ Yoast SEO plugin. -->","yoast_head_json":{"title":"Nous contacter &#8226; Greece Cars - Rent a Car","robots":{"index":"index","follow":"follow","max-snippet":"max-snippet:-1","max-image-preview":"max-image-preview:large","max-video-preview":"max-video-preview:-1"},"canonical":"https:\/\/greececars.gr\/contact-us\/","og_locale":"fr_FR","og_type":"article","og_title":"Nous contacter &#8226; Greece Cars - Rent a Car","og_description":"Nous contacter HERAKLION (si\u00e8ge social) Adresse : 39, rue du 25 ao\u00fbt. &#8211; H\u00e9raklion Cr\u00e8te, Gr\u00e8ce T\u00e9l : +30.2810.335900 Portable : +30.6980.343448 Voir sur Google Maps A\u00e9roport d&rsquo;H\u00e9raklion Adresse : Parking municipal, H\u00e9raklion, A\u00e9roport, 71601 T\u00e9l : +30.2810.343732 | Mobile : +30.6980.343448 Voir sur Google Maps A\u00e9roport de La Can\u00e9e Adresse : gare d&#8217;Akrotiri, a\u00e9roport [&hellip;]","og_url":"https:\/\/greececars.gr\/contact-us\/","og_site_name":"Greece Cars - Rent a Car","article_modified_time":"2022-04-18T18:15:29+00:00","twitter_card":"summary_large_image","twitter_misc":{"Dur\u00e9e de lecture estim\u00e9e":"1 minute"},"schema":{"@context":"https:\/\/schema.org","@graph":[{"@type":"WebPage","@id":"https:\/\/greececars.gr\/contact-us\/","url":"https:\/\/greececars.gr\/contact-us\/","name":"Nous contacter &#8226; Greece Cars - Rent a Car","isPartOf":{"@id":"https:\/\/greececars.gr\/#website"},"datePublished":"2022-02-09T11:15:20+00:00","dateModified":"2022-04-18T18:15:29+00:00","breadcrumb":{"@id":"https:\/\/greececars.gr\/contact-us\/#breadcrumb"},"inLanguage":"fr-FR","potentialAction":[{"@type":"ReadAction","target":["https:\/\/greececars.gr\/contact-us\/"]}]},{"@type":"BreadcrumbList","@id":"https:\/\/greececars.gr\/contact-us\/#breadcrumb","itemListElement":[{"@type":"ListItem","position":1,"name":"Home","item":"https:\/\/greececars.gr\/"},{"@type":"ListItem","position":2,"name":"Nous contacter"}]},{"@type":"WebSite","@id":"https:\/\/greececars.gr\/#website","url":"https:\/\/greececars.gr\/","name":"Greece Cars - Rent a Car","description":"Car Hire - Crete Greece","publisher":{"@id":"https:\/\/greececars.gr\/#organization"},"potentialAction":[{"@type":"SearchAction","target":{"@type":"EntryPoint","urlTemplate":"https:\/\/greececars.gr\/?s={search_term_string}"},"query-input":{"@type":"PropertyValueSpecification","valueRequired":true,"valueName":"search_term_string"}}],"inLanguage":"fr-FR"},{"@type":"Organization","@id":"https:\/\/greececars.gr\/#organization","name":"Greece Cars - Rent a car in Crete","url":"https:\/\/greececars.gr\/","logo":{"@type":"ImageObject","inLanguage":"fr-FR","@id":"https:\/\/greececars.gr\/#\/schema\/logo\/image\/","url":"https:\/\/greececars.gr\/wp-content\/uploads\/2022\/04\/GREECECARS_0.jpg","contentUrl":"https:\/\/greececars.gr\/wp-content\/uploads\/2022\/04\/GREECECARS_0.jpg","width":210,"height":80,"caption":"Greece Cars - Rent a car in Crete"},"image":{"@id":"https:\/\/greececars.gr\/#\/schema\/logo\/image\/"}}]}},"_links":{"self":[{"href":"https:\/\/greececars.gr\/fr\/wp-json\/wp\/v2\/pages\/3182","targetHints":{"allow":["GET"]}}],"collection":[{"href":"https:\/\/greececars.gr\/fr\/wp-json\/wp\/v2\/pages"}],"about":[{"href":"https:\/\/greececars.gr\/fr\/wp-json\/wp\/v2\/types\/page"}],"author":[{"embeddable":true,"href":"https:\/\/greececars.gr\/fr\/wp-json\/wp\/v2\/users\/1"}],"replies":[{"embeddable":true,"href":"https:\/\/greececars.gr\/fr\/wp-json\/wp\/v2\/comments?post=3182"}],"version-history":[{"count":24,"href":"https:\/\/greececars.gr\/fr\/wp-json\/wp\/v2\/pages\/3182\/revisions"}],"predecessor-version":[{"id":4661,"href":"https:\/\/greececars.gr\/fr\/wp-json\/wp\/v2\/pages\/3182\/revisions\/4661"}],"wp:attachment":[{"href":"https:\/\/greececars.gr\/fr\/wp-json\/wp\/v2\/media?parent=3182"}],"curies":[{"name":"wp","href":"https:\/\/api.w.org\/{rel}","templated":true}]}}