{"id":3113,"date":"2022-02-11T14:13:14","date_gmt":"2022-02-11T12:13:14","guid":{"rendered":"https:\/\/caravel.gr\/termes\/"},"modified":"2022-10-12T13:53:15","modified_gmt":"2022-10-12T10:53:15","slug":"termes","status":"publish","type":"page","link":"https:\/\/greececars.gr\/fr\/termes\/","title":{"rendered":"termes"},"content":{"rendered":"\t\t<div data-elementor-type=\"wp-page\" data-elementor-id=\"3113\" class=\"elementor elementor-3113 elementor-2773\" data-elementor-post-type=\"page\">\n\t\t\t\t\t\t<section class=\"elementor-section elementor-top-section elementor-element elementor-element-1bebc5f9 elementor-section-full_width elementor-section-content-middle elementor-section-height-default elementor-section-height-default\" data-id=\"1bebc5f9\" data-element_type=\"section\">\n\t\t\t\t\t\t<div class=\"elementor-container elementor-column-gap-no\">\n\t\t\t\t\t<div class=\"elementor-column elementor-col-100 elementor-top-column elementor-element elementor-element-4b47578b\" data-id=\"4b47578b\" data-element_type=\"column\">\n\t\t\t<div class=\"elementor-widget-wrap elementor-element-populated\">\n\t\t\t\t\t\t<section class=\"elementor-section elementor-inner-section elementor-element elementor-element-7db09de1 elementor-section-content-top elementor-section-boxed elementor-section-height-default elementor-section-height-default\" data-id=\"7db09de1\" data-element_type=\"section\">\n\t\t\t\t\t\t<div class=\"elementor-container elementor-column-gap-default\">\n\t\t\t\t\t<div class=\"elementor-column elementor-col-100 elementor-inner-column elementor-element elementor-element-7a697260\" data-id=\"7a697260\" data-element_type=\"column\">\n\t\t\t<div class=\"elementor-widget-wrap elementor-element-populated\">\n\t\t\t\t\t\t<div class=\"elementor-element elementor-element-342e4720 premium-header-block premium-lq__none premium-box-lq__none elementor-widget elementor-widget-premium-addon-dual-header\" data-id=\"342e4720\" data-element_type=\"widget\" data-widget_type=\"premium-addon-dual-header.default\">\n\t\t\t\t<div class=\"elementor-widget-container\">\n\t\t\t\t\t\n\t\t\t\t\t<h2 class=\"premium-dual-header-first-header  gradient\"><span class=\"premium-dual-header-first-span\">Conditions g\u00e9n\u00e9rales <\/span><\/h2> \t\t\n\t\t\t\t\t\t<\/div>\n\t\t\t\t<\/div>\n\t\t\t\t<div class=\"elementor-element elementor-element-40cd2e67 elementor-widget elementor-widget-text-editor\" data-id=\"40cd2e67\" data-element_type=\"widget\" data-widget_type=\"text-editor.default\">\n\t\t\t\t<div class=\"elementor-widget-container\">\n\t\t\t\t\t\t\t\t\t<ul>\n \t<li>\u00c2ge du locataire et du conducteur\u00a0: Doit \u00eatre \u00e2g\u00e9 d&rsquo;au moins 21\u00a0ans<\/li>\n \t<li>Permis de conduire : Le conducteur doit \u00eatre en possession d&rsquo;un permis de conduire valide depuis au moins un an<\/li>\n \t<li>Dur\u00e9e minimum de location : Une journ\u00e9e. Chaque heure suppl\u00e9mentaire sera factur\u00e9e 1\/5 du prix r\u00e9gulier de la journ\u00e9e<\/li>\n \t<li>Modalit\u00e9s de paiement : Le co\u00fbt de location estim\u00e9 est pay\u00e9 \u00e0 l&rsquo;avance<\/li>\n \t<li>Assurance au tiers ( <em><strong>incluse dans le prix<\/strong><\/em> ) : Les prix comprennent les garanties suivantes :<\/li>\n \t<li>D\u00e9c\u00e8s et blessures corporelles de personnes qui ne sont pas passagers de la voiture Greece Cars<\/li>\n \t<li>Dommages mat\u00e9riels \u00e0 des objets qui ne sont pas transport\u00e9s dans la voiture Greece Cars<\/li>\n \t<li>Assurance compl\u00e8te -Collision Damage Waiver- ( <em><strong>incluse dans le prix<\/strong><\/em> ) R\u00e9duit la responsabilit\u00e9 du locataire pour les dommages sur la voiture s&rsquo;il accepte les termes pertinents en les signant.<\/li>\n \t<!-- <li style=\"font-size: 18px;\"><span style=\"font-weight: bold;\">L\u2019assurance de stationnement n\u2019est pas comprise dans le prix. Seulement 10 Euros par jour pour le group A-D, 20 Euros par jour pour le group E-R.<\/span><\/li> -->\n \t<li>La condition pr\u00e9alable indispensable est de conduire selon le code de la route.<\/li>\n \t<li>Assurance individuelle accident ( <em><strong>incluse dans le prix<\/strong><\/em> ) : Le conducteur et les passagers sont couverts pour tout accident jusqu&rsquo;\u00e0 15000 \u20ac<\/li>\n \t<li>Protection contre le vol ( <em><strong>incluse dans le prix<\/strong><\/em> )<\/li>\n \t<li>Suppl\u00e9ment conducteur suppl\u00e9mentaire (non inclus dans le prix) : : Tarif journalier 2 \u20ac<\/li>\n \t<li>TVA 24% ( <em><strong>incluse dans le prix<\/strong><\/em> )<\/li>\n \t<li>Essence : Pay\u00e9 par le locataire<\/li>\n \t<li>Livraison \/ Collecte : \u00c0 l&rsquo;int\u00e9rieur des limites de la ville d&rsquo;H\u00e9raklion, dans les a\u00e9roports et les ports pendant les heures de bureau gratuitement. Un pr\u00e9avis sera n\u00e9cessaire.<\/li>\n \t<li>Exp\u00e9dition de voitures\u00a0: autoris\u00e9e uniquement sur autorisation \u00e9crite de la soci\u00e9t\u00e9<\/li>\n \t<li><strong>Le Client ( sans aucun frais suppl\u00e9mentaire ) et la Soci\u00e9t\u00e9 ( Greece Cars ) ont le droit d&rsquo; annuler la r\u00e9servation \u00e0 tout moment .<\/strong><\/li>\n<\/ul>\t\t\t\t\t\t\t\t<\/div>\n\t\t\t\t<\/div>\n\t\t\t\t\t<\/div>\n\t\t<\/div>\n\t\t\t\t\t<\/div>\n\t\t<\/section>\n\t\t\t\t\t<\/div>\n\t\t<\/div>\n\t\t\t\t\t<\/div>\n\t\t<\/section>\n\t\t\t\t<\/div>\n\t\t","protected":false},"excerpt":{"rendered":"<p>Conditions g\u00e9n\u00e9rales \u00c2ge du locataire et du conducteur\u00a0: Doit \u00eatre \u00e2g\u00e9 d&rsquo;au moins 21\u00a0ans Permis de conduire : Le conducteur doit \u00eatre en possession d&rsquo;un permis de conduire valide depuis au moins un an Dur\u00e9e minimum de location : Une journ\u00e9e. Chaque heure suppl\u00e9mentaire sera factur\u00e9e 1\/5 du prix r\u00e9gulier de la journ\u00e9e Modalit\u00e9s de [&hellip;]<\/p>\n","protected":false},"author":1,"featured_media":0,"parent":0,"menu_order":0,"comment_status":"closed","ping_status":"closed","template":"","meta":{"footnotes":""},"class_list":["post-3113","page","type-page","status-publish","hentry"],"yoast_head":"<!-- This site is optimized with the Yoast SEO plugin v26.5 - https:\/\/yoast.com\/wordpress\/plugins\/seo\/ -->\n<title>termes &#8226; Greece Cars - Rent a Car<\/title>\n<meta name=\"robots\" content=\"index, follow, max-snippet:-1, max-image-preview:large, max-video-preview:-1\" \/>\n<link rel=\"canonical\" href=\"https:\/\/greececars.gr\/terms\/\" \/>\n<meta property=\"og:locale\" content=\"fr_FR\" \/>\n<meta property=\"og:type\" content=\"article\" \/>\n<meta property=\"og:title\" content=\"termes &#8226; Greece Cars - Rent a Car\" \/>\n<meta property=\"og:description\" content=\"Conditions g\u00e9n\u00e9rales \u00c2ge du locataire et du conducteur\u00a0: Doit \u00eatre \u00e2g\u00e9 d&rsquo;au moins 21\u00a0ans Permis de conduire : Le conducteur doit \u00eatre en possession d&rsquo;un permis de conduire valide depuis au moins un an Dur\u00e9e minimum de location : Une journ\u00e9e. Chaque heure suppl\u00e9mentaire sera factur\u00e9e 1\/5 du prix r\u00e9gulier de la journ\u00e9e Modalit\u00e9s de [&hellip;]\" \/>\n<meta property=\"og:url\" content=\"https:\/\/greececars.gr\/terms\/\" \/>\n<meta property=\"og:site_name\" content=\"Greece Cars - Rent a Car\" \/>\n<meta property=\"article:modified_time\" content=\"2022-10-12T10:53:15+00:00\" \/>\n<meta name=\"twitter:card\" content=\"summary_large_image\" \/>\n<meta name=\"twitter:label1\" content=\"Dur\u00e9e de lecture estim\u00e9e\" \/>\n\t<meta name=\"twitter:data1\" content=\"2 minutes\" \/>\n<script type=\"application\/ld+json\" class=\"yoast-schema-graph\">{\"@context\":\"https:\/\/schema.org\",\"@graph\":[{\"@type\":\"WebPage\",\"@id\":\"https:\/\/greececars.gr\/terms\/\",\"url\":\"https:\/\/greececars.gr\/terms\/\",\"name\":\"termes &#8226; Greece Cars - Rent a Car\",\"isPartOf\":{\"@id\":\"https:\/\/greececars.gr\/#website\"},\"datePublished\":\"2022-02-11T12:13:14+00:00\",\"dateModified\":\"2022-10-12T10:53:15+00:00\",\"breadcrumb\":{\"@id\":\"https:\/\/greececars.gr\/terms\/#breadcrumb\"},\"inLanguage\":\"fr-FR\",\"potentialAction\":[{\"@type\":\"ReadAction\",\"target\":[\"https:\/\/greececars.gr\/terms\/\"]}]},{\"@type\":\"BreadcrumbList\",\"@id\":\"https:\/\/greececars.gr\/terms\/#breadcrumb\",\"itemListElement\":[{\"@type\":\"ListItem\",\"position\":1,\"name\":\"Home\",\"item\":\"https:\/\/greececars.gr\/\"},{\"@type\":\"ListItem\",\"position\":2,\"name\":\"termes\"}]},{\"@type\":\"WebSite\",\"@id\":\"https:\/\/greececars.gr\/#website\",\"url\":\"https:\/\/greececars.gr\/\",\"name\":\"Greece Cars - Rent a Car\",\"description\":\"Car Hire - Crete Greece\",\"publisher\":{\"@id\":\"https:\/\/greececars.gr\/#organization\"},\"potentialAction\":[{\"@type\":\"SearchAction\",\"target\":{\"@type\":\"EntryPoint\",\"urlTemplate\":\"https:\/\/greececars.gr\/?s={search_term_string}\"},\"query-input\":{\"@type\":\"PropertyValueSpecification\",\"valueRequired\":true,\"valueName\":\"search_term_string\"}}],\"inLanguage\":\"fr-FR\"},{\"@type\":\"Organization\",\"@id\":\"https:\/\/greececars.gr\/#organization\",\"name\":\"Greece Cars - Rent a car in Crete\",\"url\":\"https:\/\/greececars.gr\/\",\"logo\":{\"@type\":\"ImageObject\",\"inLanguage\":\"fr-FR\",\"@id\":\"https:\/\/greececars.gr\/#\/schema\/logo\/image\/\",\"url\":\"https:\/\/greececars.gr\/wp-content\/uploads\/2022\/04\/GREECECARS_0.jpg\",\"contentUrl\":\"https:\/\/greececars.gr\/wp-content\/uploads\/2022\/04\/GREECECARS_0.jpg\",\"width\":210,\"height\":80,\"caption\":\"Greece Cars - Rent a car in Crete\"},\"image\":{\"@id\":\"https:\/\/greececars.gr\/#\/schema\/logo\/image\/\"}}]}<\/script>\n<!-- \/ Yoast SEO plugin. -->","yoast_head_json":{"title":"termes &#8226; Greece Cars - Rent a Car","robots":{"index":"index","follow":"follow","max-snippet":"max-snippet:-1","max-image-preview":"max-image-preview:large","max-video-preview":"max-video-preview:-1"},"canonical":"https:\/\/greececars.gr\/terms\/","og_locale":"fr_FR","og_type":"article","og_title":"termes &#8226; Greece Cars - Rent a Car","og_description":"Conditions g\u00e9n\u00e9rales \u00c2ge du locataire et du conducteur\u00a0: Doit \u00eatre \u00e2g\u00e9 d&rsquo;au moins 21\u00a0ans Permis de conduire : Le conducteur doit \u00eatre en possession d&rsquo;un permis de conduire valide depuis au moins un an Dur\u00e9e minimum de location : Une journ\u00e9e. Chaque heure suppl\u00e9mentaire sera factur\u00e9e 1\/5 du prix r\u00e9gulier de la journ\u00e9e Modalit\u00e9s de [&hellip;]","og_url":"https:\/\/greececars.gr\/terms\/","og_site_name":"Greece Cars - Rent a Car","article_modified_time":"2022-10-12T10:53:15+00:00","twitter_card":"summary_large_image","twitter_misc":{"Dur\u00e9e de lecture estim\u00e9e":"2 minutes"},"schema":{"@context":"https:\/\/schema.org","@graph":[{"@type":"WebPage","@id":"https:\/\/greececars.gr\/terms\/","url":"https:\/\/greececars.gr\/terms\/","name":"termes &#8226; Greece Cars - Rent a Car","isPartOf":{"@id":"https:\/\/greececars.gr\/#website"},"datePublished":"2022-02-11T12:13:14+00:00","dateModified":"2022-10-12T10:53:15+00:00","breadcrumb":{"@id":"https:\/\/greececars.gr\/terms\/#breadcrumb"},"inLanguage":"fr-FR","potentialAction":[{"@type":"ReadAction","target":["https:\/\/greececars.gr\/terms\/"]}]},{"@type":"BreadcrumbList","@id":"https:\/\/greececars.gr\/terms\/#breadcrumb","itemListElement":[{"@type":"ListItem","position":1,"name":"Home","item":"https:\/\/greececars.gr\/"},{"@type":"ListItem","position":2,"name":"termes"}]},{"@type":"WebSite","@id":"https:\/\/greececars.gr\/#website","url":"https:\/\/greececars.gr\/","name":"Greece Cars - Rent a Car","description":"Car Hire - Crete Greece","publisher":{"@id":"https:\/\/greececars.gr\/#organization"},"potentialAction":[{"@type":"SearchAction","target":{"@type":"EntryPoint","urlTemplate":"https:\/\/greececars.gr\/?s={search_term_string}"},"query-input":{"@type":"PropertyValueSpecification","valueRequired":true,"valueName":"search_term_string"}}],"inLanguage":"fr-FR"},{"@type":"Organization","@id":"https:\/\/greececars.gr\/#organization","name":"Greece Cars - Rent a car in Crete","url":"https:\/\/greececars.gr\/","logo":{"@type":"ImageObject","inLanguage":"fr-FR","@id":"https:\/\/greececars.gr\/#\/schema\/logo\/image\/","url":"https:\/\/greececars.gr\/wp-content\/uploads\/2022\/04\/GREECECARS_0.jpg","contentUrl":"https:\/\/greececars.gr\/wp-content\/uploads\/2022\/04\/GREECECARS_0.jpg","width":210,"height":80,"caption":"Greece Cars - Rent a car in Crete"},"image":{"@id":"https:\/\/greececars.gr\/#\/schema\/logo\/image\/"}}]}},"_links":{"self":[{"href":"https:\/\/greececars.gr\/fr\/wp-json\/wp\/v2\/pages\/3113","targetHints":{"allow":["GET"]}}],"collection":[{"href":"https:\/\/greececars.gr\/fr\/wp-json\/wp\/v2\/pages"}],"about":[{"href":"https:\/\/greececars.gr\/fr\/wp-json\/wp\/v2\/types\/page"}],"author":[{"embeddable":true,"href":"https:\/\/greececars.gr\/fr\/wp-json\/wp\/v2\/users\/1"}],"replies":[{"embeddable":true,"href":"https:\/\/greececars.gr\/fr\/wp-json\/wp\/v2\/comments?post=3113"}],"version-history":[{"count":19,"href":"https:\/\/greececars.gr\/fr\/wp-json\/wp\/v2\/pages\/3113\/revisions"}],"predecessor-version":[{"id":4729,"href":"https:\/\/greececars.gr\/fr\/wp-json\/wp\/v2\/pages\/3113\/revisions\/4729"}],"wp:attachment":[{"href":"https:\/\/greececars.gr\/fr\/wp-json\/wp\/v2\/media?parent=3113"}],"curies":[{"name":"wp","href":"https:\/\/api.w.org\/{rel}","templated":true}]}}