{"id":3158,"date":"2022-02-09T10:58:04","date_gmt":"2022-02-09T08:58:04","guid":{"rendered":"https:\/\/caravel.gr\/profil\/"},"modified":"2023-03-10T17:23:09","modified_gmt":"2023-03-10T15:23:09","slug":"profil","status":"publish","type":"page","link":"https:\/\/greececars.gr\/de\/profil\/","title":{"rendered":"Profil"},"content":{"rendered":"\t\t<div data-elementor-type=\"wp-page\" data-elementor-id=\"3158\" class=\"elementor elementor-3158 elementor-197\" data-elementor-post-type=\"page\">\n\t\t\t\t\t\t<section class=\"elementor-section elementor-top-section elementor-element elementor-element-4a0e6ba elementor-section-content-middle elementor-section-stretched elementor-section-boxed elementor-section-height-default elementor-section-height-default\" data-id=\"4a0e6ba\" data-element_type=\"section\" data-settings=\"{&quot;stretch_section&quot;:&quot;section-stretched&quot;}\">\n\t\t\t\t\t\t<div class=\"elementor-container elementor-column-gap-default\">\n\t\t\t\t\t<div class=\"elementor-column elementor-col-100 elementor-top-column elementor-element elementor-element-8a44527\" data-id=\"8a44527\" data-element_type=\"column\">\n\t\t\t<div class=\"elementor-widget-wrap elementor-element-populated\">\n\t\t\t\t\t\t<div class=\"elementor-element elementor-element-1361ca69 premium-header-block premium-lq__none premium-box-lq__none elementor-widget elementor-widget-premium-addon-dual-header\" data-id=\"1361ca69\" data-element_type=\"widget\" data-settings=\"{&quot;_animation_tablet&quot;:&quot;none&quot;,&quot;_animation_mobile&quot;:&quot;none&quot;}\" data-widget_type=\"premium-addon-dual-header.default\">\n\t\t\t\t<div class=\"elementor-widget-container\">\n\t\t\t\t\t\n\t\t\t\t\t<h2 class=\"premium-dual-header-first-header \"><span class=\"premium-dual-header-first-span\">seit 1979 <\/span><span class=\"premium-dual-header-second-header \">\u00dcber uns<\/span><\/h2> \t\t\n\t\t\t\t\t\t<\/div>\n\t\t\t\t<\/div>\n\t\t\t\t<div class=\"elementor-element elementor-element-4935e4d6 elementor-widget-divider--view-line elementor-widget elementor-widget-divider\" data-id=\"4935e4d6\" data-element_type=\"widget\" data-settings=\"{&quot;_animation_tablet&quot;:&quot;none&quot;,&quot;_animation_mobile&quot;:&quot;none&quot;}\" data-widget_type=\"divider.default\">\n\t\t\t\t<div class=\"elementor-widget-container\">\n\t\t\t\t\t\t\t<div class=\"elementor-divider\">\n\t\t\t<span class=\"elementor-divider-separator\">\n\t\t\t\t\t\t<\/span>\n\t\t<\/div>\n\t\t\t\t\t\t<\/div>\n\t\t\t\t<\/div>\n\t\t\t\t<div class=\"elementor-element elementor-element-688302a elementor-widget elementor-widget-text-editor\" data-id=\"688302a\" data-element_type=\"widget\" data-settings=\"{&quot;_animation_tablet&quot;:&quot;none&quot;,&quot;_animation_mobile&quot;:&quot;none&quot;}\" data-widget_type=\"text-editor.default\">\n\t\t\t\t<div class=\"elementor-widget-container\">\n\t\t\t\t\t\t\t\t\t<p>Rent a Car Kreta war noch nie so einfach! Bei Greece Cars sind wir stolz auf unsere Flotte und die Vielfalt und Qualit\u00e4t der Fahrzeuge, die wir unseren Kunden anbieten. F\u00fcr uns ist Autovermietung mehr als ein Gesch\u00e4ft, deshalb k\u00f6nnen Sie hier ein Auto ohne Kreditkarte mieten.<\/p><p>Unsere Flotte der neuesten Modelle bietet g\u00fcnstige Mietwagen und steht Ihnen sowohl gesch\u00e4ftlich als auch privat zur Verf\u00fcgung. Bei Greece Cars haben Kunden nicht nur ein Auto, sondern 40 Jahre Erfahrung an ihrer Seite. Und das alles zu den besten Preisen in der Autovermietung.<\/p><p>Mit Niederlassungen auf Kreta am Flughafen Heraklion, Flughafen Chania, Hafen Heraklion, Hafen Chania, Stadt Heraklion, Stadt Chania, Stalis, Hersonisos und Rethimno bietet unser kompetentes und engagiertes Personal rund um die Uhr einen pers\u00f6nlichen, professionellen Mietwagenservice auf Kreta. Unsere B\u00fcros sind von 06.00 Uhr bis 23.00 Uhr ge\u00f6ffnet. Wir liefern und holen Autos jederzeit am Flughafen Heraklion, Flughafen Chania, Hafen Heraklion, Hafen Chania und in allen Hotels auf Kreta ab.<\/p>\t\t\t\t\t\t\t\t<\/div>\n\t\t\t\t<\/div>\n\t\t\t\t\t<\/div>\n\t\t<\/div>\n\t\t\t\t\t<\/div>\n\t\t<\/section>\n\t\t\t\t<section class=\"elementor-section elementor-top-section elementor-element elementor-element-1bebc5f9 elementor-section-full_width elementor-section-content-middle elementor-section-height-default elementor-section-height-default\" data-id=\"1bebc5f9\" data-element_type=\"section\" data-settings=\"{&quot;background_background&quot;:&quot;classic&quot;}\">\n\t\t\t\t\t\t<div class=\"elementor-container elementor-column-gap-no\">\n\t\t\t\t\t<div class=\"elementor-column elementor-col-100 elementor-top-column elementor-element elementor-element-4b47578b\" data-id=\"4b47578b\" data-element_type=\"column\">\n\t\t\t<div class=\"elementor-widget-wrap elementor-element-populated\">\n\t\t\t\t\t\t<section class=\"elementor-section elementor-inner-section elementor-element elementor-element-7db09de1 elementor-section-content-top elementor-section-boxed elementor-section-height-default elementor-section-height-default\" data-id=\"7db09de1\" data-element_type=\"section\">\n\t\t\t\t\t\t<div class=\"elementor-container elementor-column-gap-default\">\n\t\t\t\t\t<div class=\"elementor-column elementor-col-100 elementor-inner-column elementor-element elementor-element-7a697260\" data-id=\"7a697260\" data-element_type=\"column\">\n\t\t\t<div class=\"elementor-widget-wrap elementor-element-populated\">\n\t\t\t\t\t\t<div class=\"elementor-element elementor-element-342e4720 premium-header-block premium-lq__none premium-box-lq__none elementor-widget elementor-widget-premium-addon-dual-header\" data-id=\"342e4720\" data-element_type=\"widget\" data-widget_type=\"premium-addon-dual-header.default\">\n\t\t\t\t<div class=\"elementor-widget-container\">\n\t\t\t\t\t\n\t\t\t\t\t<h2 class=\"premium-dual-header-first-header  gradient\"><span class=\"premium-dual-header-first-span\">Mietwagen auf Kreta <\/span><span class=\"premium-dual-header-second-header \">Ein Traum wurde geboren<\/span><\/h2> \t\t\n\t\t\t\t\t\t<\/div>\n\t\t\t\t<\/div>\n\t\t\t\t<div class=\"elementor-element elementor-element-40cd2e67 elementor-widget elementor-widget-text-editor\" data-id=\"40cd2e67\" data-element_type=\"widget\" data-widget_type=\"text-editor.default\">\n\t\t\t\t<div class=\"elementor-widget-container\">\n\t\t\t\t\t\t\t\t\t<p><strong>Hire Cars Crete<\/strong>\u00a0wurde 1979 als Privatunternehmen gegr\u00fcndet. Nach vielen Jahren stetiger Aufw\u00e4rtsentwicklung haben wir uns f\u00fcr die Umwandlung in eine Aktiengesellschaft entschieden. Diese Entscheidung wurde nach dem schnellen Fortschritt des Unternehmens getroffen, der nicht nur Autos und B\u00fcros, sondern auch Personal, Umsatz usw. Damit hatten wir alles, was n\u00f6tig war \u2013 Infrastruktur und Kapital \u2013 um aus unserer finanziell gesunden Firma eine Aktiengesellschaft zu machen.<\/p>\t\t\t\t\t\t\t\t<\/div>\n\t\t\t\t<\/div>\n\t\t\t\t<div class=\"elementor-element elementor-element-480eea6 premium-header-block premium-lq__none premium-box-lq__none elementor-widget elementor-widget-premium-addon-dual-header\" data-id=\"480eea6\" data-element_type=\"widget\" data-widget_type=\"premium-addon-dual-header.default\">\n\t\t\t\t<div class=\"elementor-widget-container\">\n\t\t\t\t\t\n\t\t\t\t\t<h2 class=\"premium-dual-header-first-header  gradient\"><span class=\"premium-dual-header-first-span\">BERUFLICHER STATUS &amp; PL\u00c4NE F\u00dcR DIE ZUKUNFT <\/span><span class=\"premium-dual-header-second-header \">Unsere Dienstleistungen sind auf h\u00f6chstem Niveau<\/span><\/h2> \t\t\n\t\t\t\t\t\t<\/div>\n\t\t\t\t<\/div>\n\t\t\t\t<div class=\"elementor-element elementor-element-dac9201 elementor-widget elementor-widget-text-editor\" data-id=\"dac9201\" data-element_type=\"widget\" data-widget_type=\"text-editor.default\">\n\t\t\t\t<div class=\"elementor-widget-container\">\n\t\t\t\t\t\t\t\t\t<p><strong>Hire Cars Crete<\/strong>\u00a0erbringt umfassende Dienstleistungen im Bereich der Autovermietung. Unsere Dienstleistungen sind auf h\u00f6chstem Niveau. Unsere Zuverl\u00e4ssigkeit und nicht zuletzt unsere sehr g\u00fcnstigen Preise zeichnen uns aus. Sehr bald steigen wir in den Bereich des Incoming-Tourismus ein mit Abhol- und Transferservices, Ausfl\u00fcgen, Ticketing (Flugzeuge, Busse usw.), Hotelreservierungen usw. Es w\u00e4re uns eine Ehre, die Vertretung Ihres Unternehmens auf Kreta f\u00fcr eingehende Kunden zu \u00fcbernehmen.<\/p>\t\t\t\t\t\t\t\t<\/div>\n\t\t\t\t<\/div>\n\t\t\t\t\t<\/div>\n\t\t<\/div>\n\t\t\t\t\t<\/div>\n\t\t<\/section>\n\t\t\t\t\t<\/div>\n\t\t<\/div>\n\t\t\t\t\t<\/div>\n\t\t<\/section>\n\t\t\t\t<section class=\"elementor-section elementor-top-section elementor-element elementor-element-4e77c88 elementor-section-full_width elementor-section-content-middle elementor-section-height-default elementor-section-height-default\" data-id=\"4e77c88\" data-element_type=\"section\" data-settings=\"{&quot;background_background&quot;:&quot;classic&quot;}\">\n\t\t\t\t\t\t<div class=\"elementor-container elementor-column-gap-no\">\n\t\t\t\t\t<div class=\"elementor-column elementor-col-100 elementor-top-column elementor-element elementor-element-dac69dd\" data-id=\"dac69dd\" data-element_type=\"column\">\n\t\t\t<div class=\"elementor-widget-wrap elementor-element-populated\">\n\t\t\t\t\t\t<section class=\"elementor-section elementor-inner-section elementor-element elementor-element-d2e375c elementor-section-content-top elementor-section-boxed elementor-section-height-default elementor-section-height-default\" data-id=\"d2e375c\" data-element_type=\"section\">\n\t\t\t\t\t\t<div class=\"elementor-container elementor-column-gap-default\">\n\t\t\t\t\t<div class=\"elementor-column elementor-col-100 elementor-inner-column elementor-element elementor-element-f3ee954\" data-id=\"f3ee954\" data-element_type=\"column\">\n\t\t\t<div class=\"elementor-widget-wrap elementor-element-populated\">\n\t\t\t\t\t\t<div class=\"elementor-element elementor-element-1af84f8 premium-header-block premium-lq__none premium-box-lq__none elementor-widget elementor-widget-premium-addon-dual-header\" data-id=\"1af84f8\" data-element_type=\"widget\" data-widget_type=\"premium-addon-dual-header.default\">\n\t\t\t\t<div class=\"elementor-widget-container\">\n\t\t\t\t\t\n\t\t\t\t\t<h2 class=\"premium-dual-header-first-header  gradient\"><span class=\"premium-dual-header-first-span\">Autos <\/span><span class=\"premium-dual-header-second-header \">+400 Autos<\/span><\/h2> \t\t\n\t\t\t\t\t\t<\/div>\n\t\t\t\t<\/div>\n\t\t\t\t<div class=\"elementor-element elementor-element-d34f0cf elementor-widget elementor-widget-text-editor\" data-id=\"d34f0cf\" data-element_type=\"widget\" data-widget_type=\"text-editor.default\">\n\t\t\t\t<div class=\"elementor-widget-container\">\n\t\t\t\t\t\t\t\t\t<p class=\"rtejustify\">Hire Cars Crete\u00a0 hat ungef\u00e4hr 400 Autos aller Klassen: kleine, mittlere, gro\u00dfe, Automatik, Cabrios, Jeeps und Minibusse. Wir sind in der Lage, auch den anspruchsvollsten Kunden zufrieden zu stellen. Es ist unser Grundsatz, unseren Fuhrpark alle drei Jahre zu erneuern, und wir stellen sicher, dass alle unsere Autos durch h\u00e4ufige und gr\u00fcndliche Wartung in einem hervorragenden mechanischen Zustand sind.<\/p>\t\t\t\t\t\t\t\t<\/div>\n\t\t\t\t<\/div>\n\t\t\t\t<div class=\"elementor-element elementor-element-96b2496 premium-header-block premium-lq__none premium-box-lq__none elementor-widget elementor-widget-premium-addon-dual-header\" data-id=\"96b2496\" data-element_type=\"widget\" data-widget_type=\"premium-addon-dual-header.default\">\n\t\t\t\t<div class=\"elementor-widget-container\">\n\t\t\t\t\t\n\t\t\t\t\t<h2 class=\"premium-dual-header-first-header  gradient\"><span class=\"premium-dual-header-first-span\">NIEDERLASSUNGEN &amp; PERSONAL <\/span><span class=\"premium-dual-header-second-header \">Sechs Niederlassungen auf ganz Kreta<\/span><\/h2> \t\t\n\t\t\t\t\t\t<\/div>\n\t\t\t\t<\/div>\n\t\t\t\t<div class=\"elementor-element elementor-element-441f61a elementor-widget elementor-widget-text-editor\" data-id=\"441f61a\" data-element_type=\"widget\" data-widget_type=\"text-editor.default\">\n\t\t\t\t<div class=\"elementor-widget-container\">\n\t\t\t\t\t\t\t\t\t<p>Unser Unternehmen hat insgesamt sechs Niederlassungen auf ganz Kreta. Zwei Filialen befinden sich in der Hauptstadt Heraklion, dem Handelszentrum der Insel. Sie finden uns an der Hauptstra\u00dfe, die vom Hafen zum Herzen der Stadt f\u00fchrt, wo Sie auch Reiseb\u00fcros, Banken usw. finden k\u00f6nnen. Der Hafen ist nur 300 m entfernt, das Museum nur 250 m und der internationale Flughafen Heraklion liegt nur 2 km entfernt. Eine Filiale am Flughafen Chania, nur 200 Meter vom Hauptgeb\u00e4ude entfernt, auf dem GR-Parkplatz. Eine Filiale befindet sich im ber\u00fchmten Limenas Hersonissou (oder Hersonissos). Schlie\u00dflich gibt es zwei Zweige im Zentrum von Stalis (oder Stalida). Au\u00dferdem verf\u00fcgt unser Unternehmen \u00fcber zwei gro\u00dfe Werkst\u00e4tten, die mit den neuesten Instrumenten f\u00fcr die ordnungsgem\u00e4\u00dfe Wartung unserer Autos ausgestattet sind. In unserem Unternehmen arbeiten 25 Personen. Zehn davon sind technisches Personal, zehn Verk\u00e4ufer und f\u00fcnf sind f\u00fcr die Anlieferung und Abholung der Autos zust\u00e4ndig.<\/p>\t\t\t\t\t\t\t\t<\/div>\n\t\t\t\t<\/div>\n\t\t\t\t<div class=\"elementor-element elementor-element-761a6eb elementor-widget elementor-widget-text-editor\" data-id=\"761a6eb\" data-element_type=\"widget\" data-widget_type=\"text-editor.default\">\n\t\t\t\t<div class=\"elementor-widget-container\">\n\t\t\t\t\t\t\t\t\t<p style=\"text-align: center;\"><strong>ERBRINGTE DIENSTLEISTUNGEN<\/strong><br>24 Stunden Lieferung und Abholung auf ganz Kreta.<br>24 Stunden technischer Support auf ganz Kreta durch unser hochtechnisches Personal.<br>Vollst\u00e4ndiger Versicherungsschutz f\u00fcr das Auto und die Insassen.<\/p>\t\t\t\t\t\t\t\t<\/div>\n\t\t\t\t<\/div>\n\t\t\t\t\t<\/div>\n\t\t<\/div>\n\t\t\t\t\t<\/div>\n\t\t<\/section>\n\t\t\t\t\t<\/div>\n\t\t<\/div>\n\t\t\t\t\t<\/div>\n\t\t<\/section>\n\t\t\t\t<\/div>\n\t\t","protected":false},"excerpt":{"rendered":"<p>seit 1979 \u00dcber uns Rent a Car Kreta war noch nie so einfach! Bei Greece Cars sind wir stolz auf unsere Flotte und die Vielfalt und Qualit\u00e4t der Fahrzeuge, die wir unseren Kunden anbieten. F\u00fcr uns ist Autovermietung mehr als ein Gesch\u00e4ft, deshalb k\u00f6nnen Sie hier ein Auto ohne Kreditkarte mieten. Unsere Flotte der neuesten [&hellip;]<\/p>\n","protected":false},"author":1,"featured_media":3664,"parent":0,"menu_order":0,"comment_status":"closed","ping_status":"closed","template":"","meta":{"footnotes":""},"class_list":["post-3158","page","type-page","status-publish","has-post-thumbnail","hentry"],"yoast_head":"<!-- This site is optimized with the Yoast SEO plugin v26.5 - https:\/\/yoast.com\/wordpress\/plugins\/seo\/ -->\n<title>Profil &#8226; Greece Cars - Rent a Car<\/title>\n<meta name=\"robots\" content=\"index, follow, max-snippet:-1, max-image-preview:large, max-video-preview:-1\" \/>\n<link rel=\"canonical\" href=\"https:\/\/greececars.gr\/profile\/\" \/>\n<meta property=\"og:locale\" content=\"de_DE\" \/>\n<meta property=\"og:type\" content=\"article\" \/>\n<meta property=\"og:title\" content=\"Profil &#8226; Greece Cars - Rent a Car\" \/>\n<meta property=\"og:description\" content=\"seit 1979 \u00dcber uns Rent a Car Kreta war noch nie so einfach! Bei Greece Cars sind wir stolz auf unsere Flotte und die Vielfalt und Qualit\u00e4t der Fahrzeuge, die wir unseren Kunden anbieten. F\u00fcr uns ist Autovermietung mehr als ein Gesch\u00e4ft, deshalb k\u00f6nnen Sie hier ein Auto ohne Kreditkarte mieten. Unsere Flotte der neuesten [&hellip;]\" \/>\n<meta property=\"og:url\" content=\"https:\/\/greececars.gr\/profile\/\" \/>\n<meta property=\"og:site_name\" content=\"Greece Cars - Rent a Car\" \/>\n<meta property=\"article:modified_time\" content=\"2023-03-10T15:23:09+00:00\" \/>\n<meta property=\"og:image\" content=\"https:\/\/greececars.gr\/wp-content\/uploads\/2022\/04\/2.jpg\" \/>\n\t<meta property=\"og:image:width\" content=\"1281\" \/>\n\t<meta property=\"og:image:height\" content=\"957\" \/>\n\t<meta property=\"og:image:type\" content=\"image\/jpeg\" \/>\n<meta name=\"twitter:card\" content=\"summary_large_image\" \/>\n<meta name=\"twitter:label1\" content=\"Gesch\u00e4tzte Lesezeit\" \/>\n\t<meta name=\"twitter:data1\" content=\"4\u00a0Minuten\" \/>\n<script type=\"application\/ld+json\" class=\"yoast-schema-graph\">{\"@context\":\"https:\/\/schema.org\",\"@graph\":[{\"@type\":\"WebPage\",\"@id\":\"https:\/\/greececars.gr\/profile\/\",\"url\":\"https:\/\/greececars.gr\/profile\/\",\"name\":\"Profil &#8226; Greece Cars - Rent a Car\",\"isPartOf\":{\"@id\":\"https:\/\/greececars.gr\/#website\"},\"primaryImageOfPage\":{\"@id\":\"https:\/\/greececars.gr\/profile\/#primaryimage\"},\"image\":{\"@id\":\"https:\/\/greececars.gr\/profile\/#primaryimage\"},\"thumbnailUrl\":\"https:\/\/greececars.gr\/wp-content\/uploads\/2022\/04\/2.jpg\",\"datePublished\":\"2022-02-09T08:58:04+00:00\",\"dateModified\":\"2023-03-10T15:23:09+00:00\",\"breadcrumb\":{\"@id\":\"https:\/\/greececars.gr\/profile\/#breadcrumb\"},\"inLanguage\":\"de\",\"potentialAction\":[{\"@type\":\"ReadAction\",\"target\":[\"https:\/\/greececars.gr\/profile\/\"]}]},{\"@type\":\"ImageObject\",\"inLanguage\":\"de\",\"@id\":\"https:\/\/greececars.gr\/profile\/#primaryimage\",\"url\":\"https:\/\/greececars.gr\/wp-content\/uploads\/2022\/04\/2.jpg\",\"contentUrl\":\"https:\/\/greececars.gr\/wp-content\/uploads\/2022\/04\/2.jpg\",\"width\":1281,\"height\":957,\"caption\":\"Rent a car Heraklion airport with Caravel.\"},{\"@type\":\"BreadcrumbList\",\"@id\":\"https:\/\/greececars.gr\/profile\/#breadcrumb\",\"itemListElement\":[{\"@type\":\"ListItem\",\"position\":1,\"name\":\"Home\",\"item\":\"https:\/\/greececars.gr\/\"},{\"@type\":\"ListItem\",\"position\":2,\"name\":\"Profil\"}]},{\"@type\":\"WebSite\",\"@id\":\"https:\/\/greececars.gr\/#website\",\"url\":\"https:\/\/greececars.gr\/\",\"name\":\"Greece Cars - Rent a Car\",\"description\":\"Car Hire - Crete Greece\",\"publisher\":{\"@id\":\"https:\/\/greececars.gr\/#organization\"},\"potentialAction\":[{\"@type\":\"SearchAction\",\"target\":{\"@type\":\"EntryPoint\",\"urlTemplate\":\"https:\/\/greececars.gr\/?s={search_term_string}\"},\"query-input\":{\"@type\":\"PropertyValueSpecification\",\"valueRequired\":true,\"valueName\":\"search_term_string\"}}],\"inLanguage\":\"de\"},{\"@type\":\"Organization\",\"@id\":\"https:\/\/greececars.gr\/#organization\",\"name\":\"Greece Cars - Rent a car in Crete\",\"url\":\"https:\/\/greececars.gr\/\",\"logo\":{\"@type\":\"ImageObject\",\"inLanguage\":\"de\",\"@id\":\"https:\/\/greececars.gr\/#\/schema\/logo\/image\/\",\"url\":\"https:\/\/greececars.gr\/wp-content\/uploads\/2022\/04\/GREECECARS_0.jpg\",\"contentUrl\":\"https:\/\/greececars.gr\/wp-content\/uploads\/2022\/04\/GREECECARS_0.jpg\",\"width\":210,\"height\":80,\"caption\":\"Greece Cars - Rent a car in Crete\"},\"image\":{\"@id\":\"https:\/\/greececars.gr\/#\/schema\/logo\/image\/\"}}]}<\/script>\n<!-- \/ Yoast SEO plugin. -->","yoast_head_json":{"title":"Profil &#8226; Greece Cars - Rent a Car","robots":{"index":"index","follow":"follow","max-snippet":"max-snippet:-1","max-image-preview":"max-image-preview:large","max-video-preview":"max-video-preview:-1"},"canonical":"https:\/\/greececars.gr\/profile\/","og_locale":"de_DE","og_type":"article","og_title":"Profil &#8226; Greece Cars - Rent a Car","og_description":"seit 1979 \u00dcber uns Rent a Car Kreta war noch nie so einfach! Bei Greece Cars sind wir stolz auf unsere Flotte und die Vielfalt und Qualit\u00e4t der Fahrzeuge, die wir unseren Kunden anbieten. F\u00fcr uns ist Autovermietung mehr als ein Gesch\u00e4ft, deshalb k\u00f6nnen Sie hier ein Auto ohne Kreditkarte mieten. Unsere Flotte der neuesten [&hellip;]","og_url":"https:\/\/greececars.gr\/profile\/","og_site_name":"Greece Cars - Rent a Car","article_modified_time":"2023-03-10T15:23:09+00:00","og_image":[{"width":1281,"height":957,"url":"https:\/\/greececars.gr\/wp-content\/uploads\/2022\/04\/2.jpg","type":"image\/jpeg"}],"twitter_card":"summary_large_image","twitter_misc":{"Gesch\u00e4tzte Lesezeit":"4\u00a0Minuten"},"schema":{"@context":"https:\/\/schema.org","@graph":[{"@type":"WebPage","@id":"https:\/\/greececars.gr\/profile\/","url":"https:\/\/greececars.gr\/profile\/","name":"Profil &#8226; Greece Cars - Rent a Car","isPartOf":{"@id":"https:\/\/greececars.gr\/#website"},"primaryImageOfPage":{"@id":"https:\/\/greececars.gr\/profile\/#primaryimage"},"image":{"@id":"https:\/\/greececars.gr\/profile\/#primaryimage"},"thumbnailUrl":"https:\/\/greececars.gr\/wp-content\/uploads\/2022\/04\/2.jpg","datePublished":"2022-02-09T08:58:04+00:00","dateModified":"2023-03-10T15:23:09+00:00","breadcrumb":{"@id":"https:\/\/greececars.gr\/profile\/#breadcrumb"},"inLanguage":"de","potentialAction":[{"@type":"ReadAction","target":["https:\/\/greececars.gr\/profile\/"]}]},{"@type":"ImageObject","inLanguage":"de","@id":"https:\/\/greececars.gr\/profile\/#primaryimage","url":"https:\/\/greececars.gr\/wp-content\/uploads\/2022\/04\/2.jpg","contentUrl":"https:\/\/greececars.gr\/wp-content\/uploads\/2022\/04\/2.jpg","width":1281,"height":957,"caption":"Rent a car Heraklion airport with Caravel."},{"@type":"BreadcrumbList","@id":"https:\/\/greececars.gr\/profile\/#breadcrumb","itemListElement":[{"@type":"ListItem","position":1,"name":"Home","item":"https:\/\/greececars.gr\/"},{"@type":"ListItem","position":2,"name":"Profil"}]},{"@type":"WebSite","@id":"https:\/\/greececars.gr\/#website","url":"https:\/\/greececars.gr\/","name":"Greece Cars - Rent a Car","description":"Car Hire - Crete Greece","publisher":{"@id":"https:\/\/greececars.gr\/#organization"},"potentialAction":[{"@type":"SearchAction","target":{"@type":"EntryPoint","urlTemplate":"https:\/\/greececars.gr\/?s={search_term_string}"},"query-input":{"@type":"PropertyValueSpecification","valueRequired":true,"valueName":"search_term_string"}}],"inLanguage":"de"},{"@type":"Organization","@id":"https:\/\/greececars.gr\/#organization","name":"Greece Cars - Rent a car in Crete","url":"https:\/\/greececars.gr\/","logo":{"@type":"ImageObject","inLanguage":"de","@id":"https:\/\/greececars.gr\/#\/schema\/logo\/image\/","url":"https:\/\/greececars.gr\/wp-content\/uploads\/2022\/04\/GREECECARS_0.jpg","contentUrl":"https:\/\/greececars.gr\/wp-content\/uploads\/2022\/04\/GREECECARS_0.jpg","width":210,"height":80,"caption":"Greece Cars - Rent a car in Crete"},"image":{"@id":"https:\/\/greececars.gr\/#\/schema\/logo\/image\/"}}]}},"_links":{"self":[{"href":"https:\/\/greececars.gr\/de\/wp-json\/wp\/v2\/pages\/3158","targetHints":{"allow":["GET"]}}],"collection":[{"href":"https:\/\/greececars.gr\/de\/wp-json\/wp\/v2\/pages"}],"about":[{"href":"https:\/\/greececars.gr\/de\/wp-json\/wp\/v2\/types\/page"}],"author":[{"embeddable":true,"href":"https:\/\/greececars.gr\/de\/wp-json\/wp\/v2\/users\/1"}],"replies":[{"embeddable":true,"href":"https:\/\/greececars.gr\/de\/wp-json\/wp\/v2\/comments?post=3158"}],"version-history":[{"count":19,"href":"https:\/\/greececars.gr\/de\/wp-json\/wp\/v2\/pages\/3158\/revisions"}],"predecessor-version":[{"id":4765,"href":"https:\/\/greececars.gr\/de\/wp-json\/wp\/v2\/pages\/3158\/revisions\/4765"}],"wp:featuredmedia":[{"embeddable":true,"href":"https:\/\/greececars.gr\/de\/wp-json\/wp\/v2\/media\/3664"}],"wp:attachment":[{"href":"https:\/\/greececars.gr\/de\/wp-json\/wp\/v2\/media?parent=3158"}],"curies":[{"name":"wp","href":"https:\/\/api.w.org\/{rel}","templated":true}]}}